{"id":21121,"date":"2021-11-30T21:43:53","date_gmt":"2021-11-30T20:43:53","guid":{"rendered":"https:\/\/gpc-gabon.com\/fr\/?page_id=21121"},"modified":"2026-02-17T08:48:55","modified_gmt":"2026-02-17T07:48:55","slug":"opportunites","status":"publish","type":"page","link":"https:\/\/gpc-gabon.com\/fr\/opportunites\/","title":{"rendered":"Opportunit\u00e9s"},"content":{"rendered":"\t\t<div data-elementor-type=\"wp-page\" data-elementor-id=\"21121\" class=\"elementor elementor-21121\" data-elementor-settings=\"[]\">\n\t\t\t\t\t\t\t<div class=\"elementor-section-wrap\">\n\t\t\t\t\t        <section class=\"elementor-section elementor-top-section elementor-element elementor-element-e3b778c elementor-section-stretched elementor-section-boxed elementor-section-height-default elementor-section-height-default\" data-id=\"e3b778c\" data-element_type=\"section\" data-settings=\"{&quot;stretch_section&quot;:&quot;section-stretched&quot;,&quot;background_background&quot;:&quot;classic&quot;}\">\n                            <div class=\"elementor-background-overlay\"><\/div>\n                \n                        <div class=\"elementor-container elementor-column-gap-default \">\n                    <div class=\"elementor-column elementor-col-100 elementor-top-column elementor-element elementor-element-929b2f3\" data-id=\"929b2f3\" data-element_type=\"column\">\n            <div class=\"elementor-widget-wrap elementor-element-populated\">\n                                <section class=\"elementor-section elementor-inner-section elementor-element elementor-element-fc1f831 elementor-section-boxed elementor-section-height-default elementor-section-height-default\" data-id=\"fc1f831\" data-element_type=\"section\">\n            \n                        <div class=\"elementor-container elementor-column-gap-default \">\n                    <div class=\"elementor-column elementor-col-100 elementor-inner-column elementor-element elementor-element-d75f677\" data-id=\"d75f677\" data-element_type=\"column\">\n            <div class=\"elementor-widget-wrap elementor-element-populated\">\n                        \t\t<div class=\"elementor-element elementor-element-1373727 elementor-widget elementor-widget-cms_heading\" data-id=\"1373727\" data-element_type=\"widget\" data-widget_type=\"cms_heading.default\">\n\t\t\t\t<div class=\"elementor-widget-container\">\n\t\t\t<div class=\"cms-heading-wrapper cms-heading-layout1\">\r\n    \r\n            <h1 class=\"custom-heading\">\r\n            <span >Opportunit\u00e9s<\/span>\r\n        <\/h1>\r\n        \r\n    <\/div>\t\t<\/div>\n\t\t\t\t<\/div>\n\t\t\t\t<div class=\"elementor-element elementor-element-9ade62b elementor-widget elementor-widget-text-editor\" data-id=\"9ade62b\" data-element_type=\"widget\" data-widget_type=\"text-editor.default\">\n\t\t\t\t<div class=\"elementor-widget-container\">\n\t\t\t\t\t\t\t\t\t\t\t\t\t\t<\/div>\n\t\t\t\t<\/div>\n\t\t            <\/div>\n        <\/div>\n                            <\/div>\n        <\/section>\n        \t\t<div class=\"elementor-element elementor-element-1f0cc12 elementor-widget elementor-widget-cms_breadcrumb\" data-id=\"1f0cc12\" data-element_type=\"widget\" data-widget_type=\"cms_breadcrumb.default\">\n\t\t\t\t<div class=\"elementor-widget-container\">\n\t\t\t<ul class=\"cms-breadcrumb\"><li><span class=\"breadcrumb-entry\">Home<\/span><\/li><\/ul>\t\t<\/div>\n\t\t\t\t<\/div>\n\t\t            <\/div>\n        <\/div>\n                            <\/div>\n        <\/section>\n                <section class=\"elementor-section elementor-top-section elementor-element elementor-element-bb63e11 elementor-section-boxed elementor-section-height-default elementor-section-height-default\" data-id=\"bb63e11\" data-element_type=\"section\">\n            \n                        <div class=\"elementor-container elementor-column-gap-default \">\n                    <div class=\"elementor-column elementor-col-100 elementor-top-column elementor-element elementor-element-06cb31d\" data-id=\"06cb31d\" data-element_type=\"column\">\n            <div class=\"elementor-widget-wrap elementor-element-populated\">\n                        \t\t<div class=\"elementor-element elementor-element-30c27f1 elementor-widget elementor-widget-cms_heading\" data-id=\"30c27f1\" data-element_type=\"widget\" data-widget_type=\"cms_heading.default\">\n\t\t\t\t<div class=\"elementor-widget-container\">\n\t\t\t<div class=\"cms-heading-wrapper cms-heading-layout1\">\r\n    \r\n            <h2 class=\"custom-heading\">\r\n            <span >Nos appels d'offres<\/span>\r\n        <\/h2>\r\n        \r\n            <div class=\"custom-heading-description\">Pour chaque consultation, vous pourrez t\u00e9l\u00e9charger l\u2019avis de publicit\u00e9. Pour pouvoir \u00eatre alert\u00e9 en cas de nouveaux appels d\u2019offres, veuillez nous le notifier par mail. Pour certaines consultations, vous pourrez transmettre vos r\u00e9ponses par voie \u00e9lectronique.<\/div>\r\n    <\/div>\t\t<\/div>\n\t\t\t\t<\/div>\n\t\t\t\t<div class=\"elementor-element elementor-element-cf94f2b elementor-widget elementor-widget-text-editor\" data-id=\"cf94f2b\" data-element_type=\"widget\" data-widget_type=\"text-editor.default\">\n\t\t\t\t<div class=\"elementor-widget-container\">\n\t\t\t\t\t\t\t\t<p><a href=\"https:\/\/gpc-gabon.com\/fr\/wp-content\/uploads\/2025\/10\/APPEL-A-MANIFESTATION-DINTERET-\u2013-RECRUTEMENT-DUNE-ENTREPRISE-POUR-LA-MISE-A-DISPOSITION-DUNITES-DE-TRANSFORMATION-MOBILE-30KV-20KV-30KV-63KV.pdf\">APPEL A MANIFESTATION D\u2019INTER\u00caT \u2013 RECRUTEMENT D\u2019UNE ENTREPRISE POUR LA MISE A DISPOSITION D&#8217;UNITES DE TRANSFORMATION MOBILE 30KV 20KV &#8211; 30KV 63KV<\/a><\/p><p><a href=\"https:\/\/gpc-gabon.com\/fr\/wp-content\/uploads\/2025\/10\/APPEL-A-MANIFESTATION-DINTERET-RECRUTEMENT-DUN-CONSULTANT-SPECIALISE-DANS-LA-FORMATION-DES-DELEGUES-DU-PERSONNEL.pdf\">APPEL A MANIFESTATION D&#8217;INTER\u00caT &#8211; RECRUTEMENT D&#8217;UN CONSULTANT SPECIALISE DANS LA FORMATION DES DELEGUES DU PERSONNEL<\/a><\/p><p><a href=\"https:\/\/gpc-gabon.com\/fr\/wp-content\/uploads\/2025\/10\/APPEL-A-MANIFESTATION-DINTERET-RECRUTEMENT-DUN-CABINET-CONSEIL-POUR-ACCOMPAGNER-LA-REDACTION-DUN-MANUEL-DE-PROCEDURES-INTERNES.pdf\">APPEL A MANIFESTATION D&#8217;INTER\u00caT &#8211; RECRUTEMENT D&#8217;UN CABINET CONSEIL POUR ACCOMPAGNER LA REDACTION D&#8217;UN MANUEL DE PROCEDURES INTERNES<\/a><\/p><p><a href=\"https:\/\/gpc-gabon.com\/fr\/wp-content\/uploads\/2025\/09\/TERMES-DE-REFERENCES-RECRUTEMENT-QHSE-ORINKO.pdf\">TERMES DE REFERENCES &#8211; RECRUTEMENT QHSE &#8211; ORINKO<\/a><\/p><p><a href=\"https:\/\/gpc-gabon.com\/fr\/wp-content\/uploads\/2025\/07\/GABON-POWER-COMPANY-RECRUTE-UN-CABINET-SPECIALISE-DANS-LA-REGLEMENTATION-SUR-LA-PROTECTION-DES-DONNEES-A-CARACTERE-PERSONNEL.pdf\">GABON POWER COMPANY RECRUTE UN CABINET SPECIALISE DANS LA REGLEMENTATION SUR LA PROTECTION DES DONNEES A CARACTERE PERSONNEL<\/a><\/p>\t\t\t\t\t\t<\/div>\n\t\t\t\t<\/div>\n\t\t\t\t<div class=\"elementor-element elementor-element-dcc0169 elementor-widget-divider--view-line elementor-widget elementor-widget-divider\" data-id=\"dcc0169\" data-element_type=\"widget\" data-widget_type=\"divider.default\">\n\t\t\t\t<div class=\"elementor-widget-container\">\n\t\t\t\t\t<div class=\"elementor-divider\">\n\t\t\t<span class=\"elementor-divider-separator\">\n\t\t\t\t\t\t<\/span>\n\t\t<\/div>\n\t\t\t\t<\/div>\n\t\t\t\t<\/div>\n\t\t            <\/div>\n        <\/div>\n                            <\/div>\n        <\/section>\n                <section class=\"elementor-section elementor-top-section elementor-element elementor-element-6deb0dc elementor-section-boxed elementor-section-height-default elementor-section-height-default\" data-id=\"6deb0dc\" data-element_type=\"section\">\n            \n                        <div class=\"elementor-container elementor-column-gap-default \">\n                    <div class=\"elementor-column elementor-col-100 elementor-top-column elementor-element elementor-element-cf249cd\" data-id=\"cf249cd\" data-element_type=\"column\">\n            <div class=\"elementor-widget-wrap elementor-element-populated\">\n                        \t\t<div class=\"elementor-element elementor-element-086bb75 elementor-widget elementor-widget-cms_heading\" data-id=\"086bb75\" data-element_type=\"widget\" data-widget_type=\"cms_heading.default\">\n\t\t\t\t<div class=\"elementor-widget-container\">\n\t\t\t<div class=\"cms-heading-wrapper cms-heading-layout1\">\r\n    \r\n            <h2 class=\"custom-heading\">\r\n            <span >Postes \u00e0 pourvoir<\/span>\r\n        <\/h2>\r\n        \r\n            <div class=\"custom-heading-description\">La GPC  attirent les meilleurs talents pour r\u00e9aliser sa mission au service des Gabonaises et des Gabonais. Nous sommes motiv\u00e9s par l\u2019impact \u00e9conomique, social et environnemental. D\u00e9couvrez nos opportunit\u00e9s d\u2019emplois ! La GPC est une entreprise dynamique et innovante qui contribue \u00e0 fa\u00e7onner l\u2019avenir du Gabon. Alors n\u2019h\u00e9sitez pas \u00e0 nous rejoindre !<\/div>\r\n    <\/div>\t\t<\/div>\n\t\t\t\t<\/div>\n\t\t\t\t<div class=\"elementor-element elementor-element-f358d7b elementor-widget elementor-widget-text-editor\" data-id=\"f358d7b\" data-element_type=\"widget\" data-widget_type=\"text-editor.default\">\n\t\t\t\t<div class=\"elementor-widget-container\">\n\t\t\t\t\t\t\t\t<p><a href=\"https:\/\/gpc-gabon.com\/fr\/wp-content\/uploads\/2026\/02\/GABON-POWER-COMPANY-RECRUTE-UNE-STAGIAIRE-COMMUNICATION.pdf\">GABON POWER COMPANY RECRUTE UN(E) STAGIAIRE COMMUNICATION<\/a><\/p><p><a href=\"https:\/\/gpc-gabon.com\/fr\/wp-content\/uploads\/2026\/02\/GABON-POWER-COMPANY-RECRUTE-POUR-SA-FILIALE-NYANGOU-UNE-QHSE.pdf\">GABON POWER COMPANY RECRUTE POUR SA FILIALE NYANGOU UN(E) QHSE<\/a><\/p>\t\t\t\t\t\t<\/div>\n\t\t\t\t<\/div>\n\t\t            <\/div>\n        <\/div>\n                            <\/div>\n        <\/section>\n        \t\t\t\t<\/div>\n\t\t\t\t\t<\/div>\n\t\t","protected":false},"excerpt":{"rendered":"<p>Opportunit\u00e9s Home Nos appels d&#8217;offres Pour chaque consultation, vous pourrez t\u00e9l\u00e9charger l\u2019avis de publicit\u00e9. Pour pouvoir \u00eatre alert\u00e9 en cas de nouveaux appels d\u2019offres, veuillez nous le notifier par mail. Pour certaines consultations, vous pourrez transmettre vos r\u00e9ponses par voie \u00e9lectronique. APPEL A MANIFESTATION D\u2019INTER\u00caT \u2013 RECRUTEMENT D\u2019UNE ENTREPRISE POUR LA MISE A DISPOSITION D&#8217;UNITES [&hellip;]<\/p>\n","protected":false},"author":1,"featured_media":0,"parent":0,"menu_order":0,"comment_status":"closed","ping_status":"closed","template":"","meta":{"footnotes":""},"class_list":["post-21121","page","type-page","status-publish","hentry"],"_links":{"self":[{"href":"https:\/\/gpc-gabon.com\/fr\/wp-json\/wp\/v2\/pages\/21121","targetHints":{"allow":["GET"]}}],"collection":[{"href":"https:\/\/gpc-gabon.com\/fr\/wp-json\/wp\/v2\/pages"}],"about":[{"href":"https:\/\/gpc-gabon.com\/fr\/wp-json\/wp\/v2\/types\/page"}],"author":[{"embeddable":true,"href":"https:\/\/gpc-gabon.com\/fr\/wp-json\/wp\/v2\/users\/1"}],"replies":[{"embeddable":true,"href":"https:\/\/gpc-gabon.com\/fr\/wp-json\/wp\/v2\/comments?post=21121"}],"version-history":[{"count":173,"href":"https:\/\/gpc-gabon.com\/fr\/wp-json\/wp\/v2\/pages\/21121\/revisions"}],"predecessor-version":[{"id":22211,"href":"https:\/\/gpc-gabon.com\/fr\/wp-json\/wp\/v2\/pages\/21121\/revisions\/22211"}],"wp:attachment":[{"href":"https:\/\/gpc-gabon.com\/fr\/wp-json\/wp\/v2\/media?parent=21121"}],"curies":[{"name":"wp","href":"https:\/\/api.w.org\/{rel}","templated":true}]}}