{"id":21064,"date":"2021-10-20T13:49:01","date_gmt":"2021-10-20T12:49:01","guid":{"rendered":"https:\/\/gpc-gabon.com\/fr\/?page_id=21064"},"modified":"2023-09-28T18:00:20","modified_gmt":"2023-09-28T17:00:20","slug":"actualites","status":"publish","type":"page","link":"https:\/\/gpc-gabon.com\/fr\/actualites\/","title":{"rendered":"Actualit\u00e9s"},"content":{"rendered":"\t\t<div data-elementor-type=\"wp-post\" data-elementor-id=\"21064\" class=\"elementor elementor-21064\" data-elementor-settings=\"[]\">\n\t\t\t\t\t\t\t<div class=\"elementor-section-wrap\">\n\t\t\t\t\t        <section class=\"elementor-section elementor-top-section elementor-element elementor-element-88f8c7b elementor-section-stretched elementor-section-boxed elementor-section-height-default elementor-section-height-default\" data-id=\"88f8c7b\" data-element_type=\"section\" data-settings=\"{&quot;stretch_section&quot;:&quot;section-stretched&quot;,&quot;background_background&quot;:&quot;classic&quot;}\">\n                            <div class=\"elementor-background-overlay\"><\/div>\n                \n                        <div class=\"elementor-container elementor-column-gap-default \">\n                    <div class=\"elementor-column elementor-col-100 elementor-top-column elementor-element elementor-element-8a40248\" data-id=\"8a40248\" data-element_type=\"column\">\n            <div class=\"elementor-widget-wrap elementor-element-populated\">\n                        \t\t<div class=\"elementor-element elementor-element-8f64f10 elementor-widget elementor-widget-cms_heading\" data-id=\"8f64f10\" data-element_type=\"widget\" data-widget_type=\"cms_heading.default\">\n\t\t\t\t<div class=\"elementor-widget-container\">\n\t\t\t<div class=\"cms-heading-wrapper cms-heading-layout1\">\r\n    \r\n            <h1 class=\"custom-heading\">\r\n            <span >Actualit\u00e9s<\/span>\r\n        <\/h1>\r\n        \r\n    <\/div>\t\t<\/div>\n\t\t\t\t<\/div>\n\t\t\t\t<div class=\"elementor-element elementor-element-924dca4 elementor-widget elementor-widget-text-editor\" data-id=\"924dca4\" data-element_type=\"widget\" data-widget_type=\"text-editor.default\">\n\t\t\t\t<div class=\"elementor-widget-container\">\n\t\t\t\t\t\t\t\t\t\t\t\t\t\t<\/div>\n\t\t\t\t<\/div>\n\t\t\t\t<div class=\"elementor-element elementor-element-ca58767 elementor-widget elementor-widget-cms_breadcrumb\" data-id=\"ca58767\" data-element_type=\"widget\" data-widget_type=\"cms_breadcrumb.default\">\n\t\t\t\t<div class=\"elementor-widget-container\">\n\t\t\t<ul class=\"cms-breadcrumb\"><li><span class=\"breadcrumb-entry\">Home<\/span><\/li><\/ul>\t\t<\/div>\n\t\t\t\t<\/div>\n\t\t            <\/div>\n        <\/div>\n                            <\/div>\n        <\/section>\n                <section class=\"elementor-section elementor-top-section elementor-element elementor-element-8cd3075 elementor-section-boxed elementor-section-height-default elementor-section-height-default\" data-id=\"8cd3075\" data-element_type=\"section\">\n            \n                        <div class=\"elementor-container elementor-column-gap-default \">\n                    <div class=\"elementor-column elementor-col-100 elementor-top-column elementor-element elementor-element-991cd29\" data-id=\"991cd29\" data-element_type=\"column\">\n            <div class=\"elementor-widget-wrap elementor-element-populated\">\n                        \t\t<div class=\"elementor-element elementor-element-a5c18ad elementor-widget elementor-widget-cms_post_grid\" data-id=\"a5c18ad\" data-element_type=\"widget\" data-widget_type=\"cms_post_grid.default\">\n\t\t\t\t<div class=\"elementor-widget-container\">\n\t\t\t\r\n<div id=\"cms_post_grid-a5c18ad\" class=\"cms-grid cms-post-grid-layout1\" data-layout=\"masonry\" data-start-page=\"1\" data-max-pages=\"7\" data-total=\"41\" data-perpage=\"6\" data-next-link=\"https:\/\/gpc-gabon.com\/fr\/wp-json\/wp\/v2\/pages\/21064\/page\/2\/\">\r\n    <div class=\"cms-grid-overlay\"><\/div>\r\n    \r\n    <div class=\"cms-grid-inner cms-grid-masonry row animation-time\" data-gutter=\"15\">\r\n                    <div class=\"grid-sizer col-xl-4 col-lg-4 col-md-6 col-sm-6 col-12\"><\/div>\r\n                                <div class=\"grid-item col-xl-4 col-lg-4 col-md-6 col-sm-6 col-12 \">\r\n                    <div class=\"grid-item-inner\">\r\n                                                    <div class=\"entry-featured\">\r\n                                <div class=\"post-image\">\r\n                                    <a href=\"https:\/\/gpc-gabon.com\/fr\/financement-des-projets-hydroelectriques-et-des-infrastructures-de-transport-delectricite-les-partenaires-techniques-et-financiers-renforcent-le-dialogue-avec-letat-gabonais\/\"><img decoding=\"async\" class=\"\" src=\"https:\/\/gpc-gabon.com\/fr\/wp-content\/uploads\/2026\/03\/1-scaled-370x270.png\" width=\"370\" height=\"270\" alt=\"1\" title=\"1\" \/><\/a>\r\n                                <\/div>\r\n                                                                    <div class=\"post-category\"><a href=\"https:\/\/gpc-gabon.com\/fr\/category\/communique-de-presse\/\" rel=\"tag\">Communiqu\u00e9 de Presse<\/a><\/div>\r\n                                                            <\/div>\r\n                                                <div class=\"entry-body\">\r\n                            <ul class=\"entry-meta\">\r\n                                                                    <li class=\"post-date\">18 mars 2026<\/li>\r\n                                                                                                    <li class=\"author\">\r\n                                        <a href=\"https:\/\/gpc-gabon.com\/fr\/author\/sean-lenh\/\">GPC<\/a><\/li>\r\n                                                            <\/ul>\r\n                            <h3 class=\"entry-title\">\r\n                                <a href=\"https:\/\/gpc-gabon.com\/fr\/financement-des-projets-hydroelectriques-et-des-infrastructures-de-transport-delectricite-les-partenaires-techniques-et-financiers-renforcent-le-dialogue-avec-letat-gabonais\/\">Financement des projets hydro\u00e9lectriques et des infrastructures de transport d\u2019\u00e9lectricit\u00e9 : les partenaires techniques et financiers renforcent le dialogue avec l\u2019\u00c9tat gabonais<\/a>\r\n                            <\/h3>\r\n                                                            <div class=\"entry-content\">\r\n                                    Libreville, le 17 mars 2026 \u2013 Gabon Power Company (GPC) avec l&#8217;appui de la Banque Mondiale ont conjointement organis\u00e9, ce mardi 17 mars 2026 \u00e0 la R\u00e9sidence h\u00f4teli\u00e8re de La&hellip;                                <\/div>\r\n                                                                                        <div class=\"entry-readmore\">\r\n                                    <a class=\"btn-more\" href=\"https:\/\/gpc-gabon.com\/fr\/financement-des-projets-hydroelectriques-et-des-infrastructures-de-transport-delectricite-les-partenaires-techniques-et-financiers-renforcent-le-dialogue-avec-letat-gabonais\/\">\r\n                                        <span>Read More<\/span>\r\n                                        <i class=\"fas fac-arrow-right\"><\/i>\r\n                                    <\/a>\r\n                                <\/div>\r\n                                                    <\/div>\r\n                    <\/div>\r\n                <\/div>\r\n                            <div class=\"grid-item col-xl-4 col-lg-4 col-md-6 col-sm-6 col-12 \">\r\n                    <div class=\"grid-item-inner\">\r\n                                                    <div class=\"entry-featured\">\r\n                                <div class=\"post-image\">\r\n                                    <a href=\"https:\/\/gpc-gabon.com\/fr\/letat-gabonais-receptionne-la-premiere-phase-de-la-centrale-thermique-a-gaz-de-mayumba\/\"><img decoding=\"async\" class=\"\" src=\"https:\/\/gpc-gabon.com\/fr\/wp-content\/uploads\/2026\/01\/DSC02766-copie.jpg-scaled-370x270.jpeg\" width=\"370\" height=\"270\" alt=\"DSC02766 copie.jpg\" title=\"DSC02766 copie.jpg\" \/><\/a>\r\n                                <\/div>\r\n                                                                    <div class=\"post-category\"><a href=\"https:\/\/gpc-gabon.com\/fr\/category\/communique-de-presse\/\" rel=\"tag\">Communiqu\u00e9 de Presse<\/a><\/div>\r\n                                                            <\/div>\r\n                                                <div class=\"entry-body\">\r\n                            <ul class=\"entry-meta\">\r\n                                                                    <li class=\"post-date\">25 janvier 2026<\/li>\r\n                                                                                                    <li class=\"author\">\r\n                                        <a href=\"https:\/\/gpc-gabon.com\/fr\/author\/sean-lenh\/\">GPC<\/a><\/li>\r\n                                                            <\/ul>\r\n                            <h3 class=\"entry-title\">\r\n                                <a href=\"https:\/\/gpc-gabon.com\/fr\/letat-gabonais-receptionne-la-premiere-phase-de-la-centrale-thermique-a-gaz-de-mayumba\/\">L\u2019Etat Gabonais r\u00e9ceptionne la premi\u00e8re phase de la Centrale Thermique \u00e0 Gaz de Mayumba<\/a>\r\n                            <\/h3>\r\n                                                            <div class=\"entry-content\">\r\n                                    Mayumba, le 25 janvier 2026 \u2013 L\u2019\u00c9tat gabonais a proc\u00e9d\u00e9, vendredi dernier, \u00e0 la r\u00e9ception officielle de la premi\u00e8re phase de la nouvelle Centrale Thermique \u00e0 Gaz IPP Mayumba, de&hellip;                                <\/div>\r\n                                                                                        <div class=\"entry-readmore\">\r\n                                    <a class=\"btn-more\" href=\"https:\/\/gpc-gabon.com\/fr\/letat-gabonais-receptionne-la-premiere-phase-de-la-centrale-thermique-a-gaz-de-mayumba\/\">\r\n                                        <span>Read More<\/span>\r\n                                        <i class=\"fas fac-arrow-right\"><\/i>\r\n                                    <\/a>\r\n                                <\/div>\r\n                                                    <\/div>\r\n                    <\/div>\r\n                <\/div>\r\n                            <div class=\"grid-item col-xl-4 col-lg-4 col-md-6 col-sm-6 col-12 \">\r\n                    <div class=\"grid-item-inner\">\r\n                                                    <div class=\"entry-featured\">\r\n                                <div class=\"post-image\">\r\n                                    <a href=\"https:\/\/gpc-gabon.com\/fr\/le-ministre-de-lenergie-sassure-du-bon-deroulement-des-travaux-de-raccordement-de-la-future-centrale-de-kinguele-aval-au-reseau-electrique-de-225-kv\/\"><img decoding=\"async\" class=\"\" src=\"https:\/\/gpc-gabon.com\/fr\/wp-content\/uploads\/2026\/01\/WhatsApp-Image-2026-01-07-at-20.40.01-370x270.jpeg\" width=\"370\" height=\"270\" alt=\"WhatsApp Image 2026-01-07 at 20.40.01\" title=\"WhatsApp Image 2026-01-07 at 20.40.01\" \/><\/a>\r\n                                <\/div>\r\n                                                                    <div class=\"post-category\"><a href=\"https:\/\/gpc-gabon.com\/fr\/category\/article-de-presse\/\" rel=\"tag\">Article de Presse<\/a><\/div>\r\n                                                            <\/div>\r\n                                                <div class=\"entry-body\">\r\n                            <ul class=\"entry-meta\">\r\n                                                                    <li class=\"post-date\">7 janvier 2026<\/li>\r\n                                                                                                    <li class=\"author\">\r\n                                        <a href=\"https:\/\/gpc-gabon.com\/fr\/author\/sean-lenh\/\">GPC<\/a><\/li>\r\n                                                            <\/ul>\r\n                            <h3 class=\"entry-title\">\r\n                                <a href=\"https:\/\/gpc-gabon.com\/fr\/le-ministre-de-lenergie-sassure-du-bon-deroulement-des-travaux-de-raccordement-de-la-future-centrale-de-kinguele-aval-au-reseau-electrique-de-225-kv\/\">Le Ministre de l\u2019Energie s\u2019assure du bon d\u00e9roulement des travaux de raccordement de la future centrale de Kingu\u00e9l\u00e9 Aval au r\u00e9seau \u00e9lectrique de 225 kV<\/a>\r\n                            <\/h3>\r\n                                                            <div class=\"entry-content\">\r\n                                    Libreville, le 7 janvier 2025 \u2013 Dans le cadre des travaux du futur barrage hydro\u00e9lectrique de Kingu\u00e9l\u00e9 Aval, Monsieur Philippe TONANGOYE, Ministre de l\u2019Acc\u00e8s Universel \u00e0 l\u2019Eau et \u00e0 l\u2019\u00c9nergie,&hellip;                                <\/div>\r\n                                                                                        <div class=\"entry-readmore\">\r\n                                    <a class=\"btn-more\" href=\"https:\/\/gpc-gabon.com\/fr\/le-ministre-de-lenergie-sassure-du-bon-deroulement-des-travaux-de-raccordement-de-la-future-centrale-de-kinguele-aval-au-reseau-electrique-de-225-kv\/\">\r\n                                        <span>Read More<\/span>\r\n                                        <i class=\"fas fac-arrow-right\"><\/i>\r\n                                    <\/a>\r\n                                <\/div>\r\n                                                    <\/div>\r\n                    <\/div>\r\n                <\/div>\r\n                            <div class=\"grid-item col-xl-4 col-lg-4 col-md-6 col-sm-6 col-12 \">\r\n                    <div class=\"grid-item-inner\">\r\n                                                    <div class=\"entry-featured\">\r\n                                <div class=\"post-image\">\r\n                                    <a href=\"https:\/\/gpc-gabon.com\/fr\/gpc-rapport-annuel-2024-2\/\"><img decoding=\"async\" class=\"\" src=\"https:\/\/gpc-gabon.com\/fr\/wp-content\/uploads\/2025\/12\/GPC-RAPPORT-ANNUEL-2024-370x270.pdf\" width=\"370\" height=\"270\" alt=\"GPC - RAPPORT ANNUEL 2024\" title=\"GPC - RAPPORT ANNUEL 2024\" \/><\/a>\r\n                                <\/div>\r\n                                                                    <div class=\"post-category\"><a href=\"https:\/\/gpc-gabon.com\/fr\/category\/communique-de-presse\/\" rel=\"tag\">Communiqu\u00e9 de Presse<\/a><\/div>\r\n                                                            <\/div>\r\n                                                <div class=\"entry-body\">\r\n                            <ul class=\"entry-meta\">\r\n                                                                    <li class=\"post-date\">23 d\u00e9cembre 2025<\/li>\r\n                                                                                                    <li class=\"author\">\r\n                                        <a href=\"https:\/\/gpc-gabon.com\/fr\/author\/sean-lenh\/\">GPC<\/a><\/li>\r\n                                                            <\/ul>\r\n                            <h3 class=\"entry-title\">\r\n                                <a href=\"https:\/\/gpc-gabon.com\/fr\/gpc-rapport-annuel-2024-2\/\">GPC &#8211; RAPPORT ANNUEL 2024<\/a>\r\n                            <\/h3>\r\n                                                            <div class=\"entry-content\">\r\n                                    Consultez le GPC &#8211; RAPPORT ANNUEL 2024                                <\/div>\r\n                                                                                        <div class=\"entry-readmore\">\r\n                                    <a class=\"btn-more\" href=\"https:\/\/gpc-gabon.com\/fr\/gpc-rapport-annuel-2024-2\/\">\r\n                                        <span>Read More<\/span>\r\n                                        <i class=\"fas fac-arrow-right\"><\/i>\r\n                                    <\/a>\r\n                                <\/div>\r\n                                                    <\/div>\r\n                    <\/div>\r\n                <\/div>\r\n                            <div class=\"grid-item col-xl-4 col-lg-4 col-md-6 col-sm-6 col-12 \">\r\n                    <div class=\"grid-item-inner\">\r\n                                                    <div class=\"entry-featured\">\r\n                                <div class=\"post-image\">\r\n                                    <a href=\"https:\/\/gpc-gabon.com\/fr\/souverainete-energetique-du-gabon-letat-gabonais-se-mobilisent-pour-la-mise-en-oeuvre-du-projet-hydroelectrique-de-booue-400-mw\/\"><img decoding=\"async\" class=\"\" src=\"https:\/\/gpc-gabon.com\/fr\/wp-content\/uploads\/2025\/11\/DSC00106-scaled-370x270.jpg\" width=\"370\" height=\"270\" alt=\"DSC00106\" title=\"DSC00106\" \/><\/a>\r\n                                <\/div>\r\n                                                                    <div class=\"post-category\"><a href=\"https:\/\/gpc-gabon.com\/fr\/category\/communique-de-presse\/\" rel=\"tag\">Communiqu\u00e9 de Presse<\/a><\/div>\r\n                                                            <\/div>\r\n                                                <div class=\"entry-body\">\r\n                            <ul class=\"entry-meta\">\r\n                                                                    <li class=\"post-date\">27 novembre 2025<\/li>\r\n                                                                                                    <li class=\"author\">\r\n                                        <a href=\"https:\/\/gpc-gabon.com\/fr\/author\/sean-lenh\/\">GPC<\/a><\/li>\r\n                                                            <\/ul>\r\n                            <h3 class=\"entry-title\">\r\n                                <a href=\"https:\/\/gpc-gabon.com\/fr\/souverainete-energetique-du-gabon-letat-gabonais-se-mobilisent-pour-la-mise-en-oeuvre-du-projet-hydroelectrique-de-booue-400-mw\/\">Souverainet\u00e9 \u00e9nerg\u00e9tique du Gabon : l\u2019\u00c9tat gabonais, se mobilisent pour la mise en \u0153uvre du projet hydro\u00e9lectrique de Boou\u00e9 (400 MW)<\/a>\r\n                            <\/h3>\r\n                                                            <div class=\"entry-content\">\r\n                                    Libreville, 26\u201327 novembre 2025 \u2013 Le premier Comit\u00e9 de Pilotage (COPIL) d\u00e9di\u00e9 au d\u00e9veloppement du projet hydro\u00e9lectrique de Boou\u00e9, d\u2019une capacit\u00e9 de plus de 400 MW, s\u2019est tenu sur deux&hellip;                                <\/div>\r\n                                                                                        <div class=\"entry-readmore\">\r\n                                    <a class=\"btn-more\" href=\"https:\/\/gpc-gabon.com\/fr\/souverainete-energetique-du-gabon-letat-gabonais-se-mobilisent-pour-la-mise-en-oeuvre-du-projet-hydroelectrique-de-booue-400-mw\/\">\r\n                                        <span>Read More<\/span>\r\n                                        <i class=\"fas fac-arrow-right\"><\/i>\r\n                                    <\/a>\r\n                                <\/div>\r\n                                                    <\/div>\r\n                    <\/div>\r\n                <\/div>\r\n                            <div class=\"grid-item col-xl-4 col-lg-4 col-md-6 col-sm-6 col-12 \">\r\n                    <div class=\"grid-item-inner\">\r\n                                                    <div class=\"entry-featured\">\r\n                                <div class=\"post-image\">\r\n                                    <a href=\"https:\/\/gpc-gabon.com\/fr\/centrale-thermique-a-gaz-ipp-mayumba-des-avancees-notables-constatees-par-le-ministre-de-lenergie\/\"><img decoding=\"async\" class=\"\" src=\"https:\/\/gpc-gabon.com\/fr\/wp-content\/uploads\/2025\/08\/GPC-MAYUMBA-2-scaled-370x270.jpg\" width=\"370\" height=\"270\" alt=\"default\" title=\"default\" \/><\/a>\r\n                                <\/div>\r\n                                                                    <div class=\"post-category\"><a href=\"https:\/\/gpc-gabon.com\/fr\/category\/communique-de-presse\/\" rel=\"tag\">Communiqu\u00e9 de Presse<\/a><\/div>\r\n                                                            <\/div>\r\n                                                <div class=\"entry-body\">\r\n                            <ul class=\"entry-meta\">\r\n                                                                    <li class=\"post-date\">29 ao\u00fbt 2025<\/li>\r\n                                                                                                    <li class=\"author\">\r\n                                        <a href=\"https:\/\/gpc-gabon.com\/fr\/author\/sean-lenh\/\">GPC<\/a><\/li>\r\n                                                            <\/ul>\r\n                            <h3 class=\"entry-title\">\r\n                                <a href=\"https:\/\/gpc-gabon.com\/fr\/centrale-thermique-a-gaz-ipp-mayumba-des-avancees-notables-constatees-par-le-ministre-de-lenergie\/\">Centrale thermique \u00e0 gaz IPP Mayumba : des avanc\u00e9es notables constat\u00e9es par le Ministre de l\u2019\u00c9nergie<\/a>\r\n                            <\/h3>\r\n                                                            <div class=\"entry-content\">\r\n                                    Libreville, le 29 ao\u00fbt 2025 \u2013 Dans le cadre d\u2019une tourn\u00e9e dans le sud du Gabon visant \u00e0 \u00e9valuer l\u2019\u00e9tat des ouvrages de production d\u2019eau et d\u2019\u00e9lectricit\u00e9 existants et en&hellip;                                <\/div>\r\n                                                                                        <div class=\"entry-readmore\">\r\n                                    <a class=\"btn-more\" href=\"https:\/\/gpc-gabon.com\/fr\/centrale-thermique-a-gaz-ipp-mayumba-des-avancees-notables-constatees-par-le-ministre-de-lenergie\/\">\r\n                                        <span>Read More<\/span>\r\n                                        <i class=\"fas fac-arrow-right\"><\/i>\r\n                                    <\/a>\r\n                                <\/div>\r\n                                                    <\/div>\r\n                    <\/div>\r\n                <\/div>\r\n                <\/div>\r\n            <div class=\"cms-grid-pagination\" data-loadmore=\"{&quot;startPage&quot;:1,&quot;maxPages&quot;:7,&quot;total&quot;:41,&quot;perpage&quot;:&quot;6&quot;,&quot;nextLink&quot;:&quot;https:\\\/\\\/gpc-gabon.com\\\/fr\\\/wp-json\\\/wp\\\/v2\\\/pages\\\/21064\\\/page\\\/2\\\/&quot;,&quot;source&quot;:&quot;&quot;,&quot;orderby&quot;:&quot;date&quot;,&quot;order&quot;:&quot;desc&quot;,&quot;limit&quot;:&quot;6&quot;,&quot;post_ids&quot;:&quot;&quot;,&quot;col_xl&quot;:4,&quot;col_lg&quot;:4,&quot;col_md&quot;:6,&quot;col_sm&quot;:6,&quot;col_xs&quot;:12,&quot;thumbnail_size&quot;:&quot;custom&quot;,&quot;thumbnail_custom_dimension&quot;:{&quot;width&quot;:&quot;370&quot;,&quot;height&quot;:&quot;270&quot;},&quot;title_tag&quot;:&quot;h3&quot;,&quot;pagination_type&quot;:&quot;pagination&quot;,&quot;show_thumbnail&quot;:&quot;true&quot;,&quot;show_meta&quot;:&quot;true&quot;,&quot;show_author&quot;:&quot;true&quot;,&quot;show_post_date&quot;:&quot;true&quot;,&quot;show_categories&quot;:&quot;true&quot;,&quot;show_excerpt&quot;:&quot;true&quot;,&quot;num_words&quot;:30,&quot;show_button&quot;:&quot;true&quot;,&quot;hover_animation&quot;:&quot;pagination&quot;,&quot;button_text&quot;:&quot;Read More&quot;,&quot;template_type&quot;:&quot;post_grid_layout1&quot;,&quot;tax&quot;:[]}\" data-query=\"{&quot;post_type&quot;:&quot;post&quot;,&quot;posts_per_page&quot;:6,&quot;order&quot;:&quot;desc&quot;,&quot;orderby&quot;:&quot;date&quot;,&quot;tax_query&quot;:{&quot;relation&quot;:&quot;OR&quot;},&quot;post__not_in&quot;:[21064]}\">\r\n                <nav class=\"navigation posts-pagination ajax\">\r\n        <div class=\"posts-page-links\">\r\n            <span aria-current=\"page\" class=\"page-numbers current\">1<\/span>\n<a class=\"page-numbers\" href=\"#2\">2<\/a>\n<span class=\"page-numbers dots\">\u2026<\/span>\n<a class=\"page-numbers\" href=\"#7\">7<\/a>\n<a class=\"next page-numbers\" href=\"#2\"><i class=\"fac fac-arrow-right\"><\/i><\/a>        <\/div>\r\n    <\/nav>\r\n            <\/div>\r\n        <\/div>\t\t<\/div>\n\t\t\t\t<\/div>\n\t\t            <\/div>\n        <\/div>\n                            <\/div>\n        <\/section>\n        \t\t\t\t<\/div>\n\t\t\t\t\t<\/div>\n\t\t","protected":false},"excerpt":{"rendered":"<p>Actualit\u00e9s Home Communiqu\u00e9 de Presse 20 octobre 2021 GPC Sinohydro signe avec l\u2019ONE pour favoriser l\u2019emploi gabonais dans le cadre de la construction de Kinguele Aval Actualit\u00e9s Home Communiqu\u00e9 de Presse 20 octobre 2021 GPC Sinohydro signe avec l\u2019ONE pour favoriser l\u2019emploi gabonais dans le cadre de la construction de Kinguele Aval Libreville, le 18 [&hellip;]<\/p>\n","protected":false},"author":1,"featured_media":0,"parent":0,"menu_order":0,"comment_status":"closed","ping_status":"closed","template":"","meta":{"footnotes":""},"class_list":["post-21064","page","type-page","status-publish","hentry"],"_links":{"self":[{"href":"https:\/\/gpc-gabon.com\/fr\/wp-json\/wp\/v2\/pages\/21064","targetHints":{"allow":["GET"]}}],"collection":[{"href":"https:\/\/gpc-gabon.com\/fr\/wp-json\/wp\/v2\/pages"}],"about":[{"href":"https:\/\/gpc-gabon.com\/fr\/wp-json\/wp\/v2\/types\/page"}],"author":[{"embeddable":true,"href":"https:\/\/gpc-gabon.com\/fr\/wp-json\/wp\/v2\/users\/1"}],"replies":[{"embeddable":true,"href":"https:\/\/gpc-gabon.com\/fr\/wp-json\/wp\/v2\/comments?post=21064"}],"version-history":[{"count":9,"href":"https:\/\/gpc-gabon.com\/fr\/wp-json\/wp\/v2\/pages\/21064\/revisions"}],"predecessor-version":[{"id":21511,"href":"https:\/\/gpc-gabon.com\/fr\/wp-json\/wp\/v2\/pages\/21064\/revisions\/21511"}],"wp:attachment":[{"href":"https:\/\/gpc-gabon.com\/fr\/wp-json\/wp\/v2\/media?parent=21064"}],"curies":[{"name":"wp","href":"https:\/\/api.w.org\/{rel}","templated":true}]}}