{"id":20583,"date":"2021-06-29T23:19:56","date_gmt":"2021-06-29T22:19:56","guid":{"rendered":"https:\/\/gpc-gabon.com\/fr\/?page_id=20583"},"modified":"2021-12-06T11:50:04","modified_gmt":"2021-12-06T10:50:04","slug":"nos-projets","status":"publish","type":"page","link":"https:\/\/gpc-gabon.com\/fr\/nos-projets\/","title":{"rendered":"Nos Projets"},"content":{"rendered":"\t\t<div data-elementor-type=\"wp-page\" data-elementor-id=\"20583\" class=\"elementor elementor-20583\" data-elementor-settings=\"[]\">\n\t\t\t\t\t\t\t<div class=\"elementor-section-wrap\">\n\t\t\t\t\t        <section class=\"elementor-section elementor-top-section elementor-element elementor-element-3cf5b69 elementor-section-stretched elementor-section-boxed elementor-section-height-default elementor-section-height-default\" data-id=\"3cf5b69\" data-element_type=\"section\" data-settings=\"{&quot;stretch_section&quot;:&quot;section-stretched&quot;,&quot;background_background&quot;:&quot;classic&quot;}\">\n                            <div class=\"elementor-background-overlay\"><\/div>\n                \n                        <div class=\"elementor-container elementor-column-gap-default \">\n                    <div class=\"elementor-column elementor-col-100 elementor-top-column elementor-element elementor-element-ed25b8a\" data-id=\"ed25b8a\" data-element_type=\"column\">\n            <div class=\"elementor-widget-wrap elementor-element-populated\">\n                                <section class=\"elementor-section elementor-inner-section elementor-element elementor-element-e791366 elementor-section-boxed elementor-section-height-default elementor-section-height-default\" data-id=\"e791366\" data-element_type=\"section\">\n            \n                        <div class=\"elementor-container elementor-column-gap-default \">\n                    <div class=\"elementor-column elementor-col-100 elementor-inner-column elementor-element elementor-element-d877bfa\" data-id=\"d877bfa\" data-element_type=\"column\">\n            <div class=\"elementor-widget-wrap elementor-element-populated\">\n                        \t\t<div class=\"elementor-element elementor-element-099d866 elementor-widget elementor-widget-cms_heading\" data-id=\"099d866\" data-element_type=\"widget\" data-widget_type=\"cms_heading.default\">\n\t\t\t\t<div class=\"elementor-widget-container\">\n\t\t\t<div class=\"cms-heading-wrapper cms-heading-layout1\">\r\n    \r\n            <h1 class=\"custom-heading\">\r\n            <span >Nos Projets<\/span>\r\n        <\/h1>\r\n        \r\n    <\/div>\t\t<\/div>\n\t\t\t\t<\/div>\n\t\t\t\t<div class=\"elementor-element elementor-element-dad18a1 elementor-widget elementor-widget-text-editor\" data-id=\"dad18a1\" data-element_type=\"widget\" data-widget_type=\"text-editor.default\">\n\t\t\t\t<div class=\"elementor-widget-container\">\n\t\t\t\t\t\t\t\t\t\t\t\t\t\t<\/div>\n\t\t\t\t<\/div>\n\t\t            <\/div>\n        <\/div>\n                            <\/div>\n        <\/section>\n        \t\t<div class=\"elementor-element elementor-element-63bea56 elementor-widget elementor-widget-cms_breadcrumb\" data-id=\"63bea56\" data-element_type=\"widget\" data-widget_type=\"cms_breadcrumb.default\">\n\t\t\t\t<div class=\"elementor-widget-container\">\n\t\t\t<ul class=\"cms-breadcrumb\"><li><span class=\"breadcrumb-entry\">Home<\/span><\/li><\/ul>\t\t<\/div>\n\t\t\t\t<\/div>\n\t\t            <\/div>\n        <\/div>\n                            <\/div>\n        <\/section>\n                <section class=\"elementor-section elementor-top-section elementor-element elementor-element-b5fe783 elementor-section-boxed elementor-section-height-default elementor-section-height-default\" data-id=\"b5fe783\" data-element_type=\"section\">\n            \n                        <div class=\"elementor-container elementor-column-gap-default \">\n                    <div class=\"elementor-column elementor-col-100 elementor-top-column elementor-element elementor-element-7ea4c93\" data-id=\"7ea4c93\" data-element_type=\"column\">\n            <div class=\"elementor-widget-wrap elementor-element-populated\">\n                        \t\t<div class=\"elementor-element elementor-element-8cc34e8 elementor-widget elementor-widget-text-editor\" data-id=\"8cc34e8\" data-element_type=\"widget\" data-widget_type=\"text-editor.default\">\n\t\t\t\t<div class=\"elementor-widget-container\">\n\t\t\t\t\t\t\t\t<div class=\"page\" title=\"Page 2\"><div class=\"section\"><div class=\"layoutArea\"><div class=\"column\"><div class=\"page\" title=\"Page 3\"><div class=\"section\"><div class=\"layoutArea\"><div class=\"column\"><p>GPC a pour mission la re\u0301alisation <strong>d\u2019e\u0301tudes, la conception, la construction et l\u2019exploitation d\u2019infrastructures de production d\u2019e\u0301nergie et d\u2019eau<\/strong>. GPC prend des participations dans des socie\u0301te\u0301s de projet cre\u0301e\u0301es pour chacun des ouvrages et reste libre de les ce\u0301der une fois qu\u2019ils sont mis en exploitation.<\/p><p>GPC de\u0301veloppe actuellement cinq projets (quatre dans l\u2019e\u0301lectricite\u0301 et un dans l\u2019eau) <strong>en partenariat avec des acteurs strate\u0301giques dans le cadre d\u2019accords BOOT (build\u2013own\u2013operate\u2013transfer)<\/strong>.<\/p><p>Il s\u2019agit notamment du groupe <strong>Meridiam<\/strong>, un fonds d\u2019investissements spe\u0301cialise\u0301 dans les infrastructures, du groupe <strong>Eranove<\/strong>, industriel panafricain du secteur de l\u2019eau et de l\u2019e\u0301lectricite\u0301, ou encore du groupe <strong>Wa\u0308rtsila\u0308<\/strong>, leader mondial de la fabrication industrielle de ge\u0301ne\u0301rateurs e\u0301lectriques.<\/p><\/div><\/div><\/div><\/div><\/div><\/div><\/div><\/div>\t\t\t\t\t\t<\/div>\n\t\t\t\t<\/div>\n\t\t            <\/div>\n        <\/div>\n                            <\/div>\n        <\/section>\n                <section class=\"elementor-section elementor-top-section elementor-element elementor-element-241e86c elementor-section-height-min-height elementor-section-boxed elementor-section-height-default elementor-section-items-middle\" data-id=\"241e86c\" data-element_type=\"section\">\n            \n                        <div class=\"elementor-container elementor-column-gap-extended \">\n                    <div class=\"elementor-column elementor-col-33 elementor-top-column elementor-element elementor-element-35d81a4\" data-id=\"35d81a4\" data-element_type=\"column\" data-settings=\"{&quot;background_background&quot;:&quot;classic&quot;}\">\n            <div class=\"elementor-widget-wrap elementor-element-populated\">\n                    <div class=\"elementor-background-overlay\"><\/div>\n                        \t\t<div class=\"elementor-element elementor-element-147b880 elementor-widget elementor-widget-text-editor\" data-id=\"147b880\" data-element_type=\"widget\" data-widget_type=\"text-editor.default\">\n\t\t\t\t<div class=\"elementor-widget-container\">\n\t\t\t\t\t\t\t\t<p>AM\u00c9NAGEMENTS hydro\u00e9lectriques<\/p>\t\t\t\t\t\t<\/div>\n\t\t\t\t<\/div>\n\t\t            <\/div>\n        <\/div>\n                <div class=\"elementor-column elementor-col-33 elementor-top-column elementor-element elementor-element-7b8bc8b\" data-id=\"7b8bc8b\" data-element_type=\"column\" data-settings=\"{&quot;background_background&quot;:&quot;classic&quot;}\">\n            <div class=\"elementor-widget-wrap elementor-element-populated\">\n                    <div class=\"elementor-background-overlay\"><\/div>\n                        \t\t<div class=\"elementor-element elementor-element-54010e7 elementor-widget elementor-widget-text-editor\" data-id=\"54010e7\" data-element_type=\"widget\" data-widget_type=\"text-editor.default\">\n\t\t\t\t<div class=\"elementor-widget-container\">\n\t\t\t\t\t\t\t\t<p>CENTRALE <br \/>THERMIQUE<\/p>\t\t\t\t\t\t<\/div>\n\t\t\t\t<\/div>\n\t\t            <\/div>\n        <\/div>\n                <div class=\"elementor-column elementor-col-33 elementor-top-column elementor-element elementor-element-bd4dc72\" data-id=\"bd4dc72\" data-element_type=\"column\" data-settings=\"{&quot;background_background&quot;:&quot;classic&quot;}\">\n            <div class=\"elementor-widget-wrap elementor-element-populated\">\n                    <div class=\"elementor-background-overlay\"><\/div>\n                        \t\t<div class=\"elementor-element elementor-element-96ae5cf elementor-widget elementor-widget-text-editor\" data-id=\"96ae5cf\" data-element_type=\"widget\" data-widget_type=\"text-editor.default\">\n\t\t\t\t<div class=\"elementor-widget-container\">\n\t\t\t\t\t\t\t\t<p>USINE DE <br \/>TRAITEMENT D&#8217;EAU<\/p>\t\t\t\t\t\t<\/div>\n\t\t\t\t<\/div>\n\t\t            <\/div>\n        <\/div>\n                            <\/div>\n        <\/section>\n                <section class=\"elementor-section elementor-top-section elementor-element elementor-element-70101033 elementor-section-content-middle elementor-section-boxed elementor-section-height-default elementor-section-height-default\" data-id=\"70101033\" data-element_type=\"section\">\n            \n                        <div class=\"elementor-container elementor-column-gap-no \">\n                    <div class=\"elementor-column elementor-col-100 elementor-top-column elementor-element elementor-element-32ceabe3\" data-id=\"32ceabe3\" data-element_type=\"column\">\n            <div class=\"elementor-widget-wrap elementor-element-populated\">\n                        \t\t<div class=\"elementor-element elementor-element-7714df36 elementor-widget elementor-widget-heading\" data-id=\"7714df36\" data-element_type=\"widget\" data-widget_type=\"heading.default\">\n\t\t\t\t<div class=\"elementor-widget-container\">\n\t\t\t<h4 class=\"elementor-heading-title elementor-size-default\">Nos Projets<\/h4>\t\t<\/div>\n\t\t\t\t<\/div>\n\t\t\t\t<div class=\"elementor-element elementor-element-66a11bd3 elementor-widget elementor-widget-heading\" data-id=\"66a11bd3\" data-element_type=\"widget\" data-widget_type=\"heading.default\">\n\t\t\t\t<div class=\"elementor-widget-container\">\n\t\t\t<h5 class=\"elementor-heading-title elementor-size-default\">D\u00e9couvrez nos projets<\/h5>\t\t<\/div>\n\t\t\t\t<\/div>\n\t\t\t\t<div class=\"elementor-element elementor-element-5d2cb32a elementor-widget elementor-widget-toggle\" data-id=\"5d2cb32a\" data-element_type=\"widget\" data-widget_type=\"toggle.default\">\n\t\t\t\t<div class=\"elementor-widget-container\">\n\t\t\t\t\t<div class=\"elementor-toggle\" role=\"tablist\">\n\t\t\t\t\t\t\t<div class=\"elementor-toggle-item\">\n\t\t\t\t\t<div id=\"elementor-tab-title-1561\" class=\"elementor-tab-title\" data-tab=\"1\" role=\"tab\" aria-controls=\"elementor-tab-content-1561\" aria-expanded=\"false\">\n\t\t\t\t\t\t\t\t\t\t\t\t<span class=\"elementor-toggle-icon elementor-toggle-icon-right\" aria-hidden=\"true\">\n\t\t\t\t\t\t\t\t\t\t\t\t\t\t\t<span class=\"elementor-toggle-icon-closed\"><i class=\"fas fa-caret-right\"><\/i><\/span>\n\t\t\t\t\t\t\t\t<span class=\"elementor-toggle-icon-opened\"><i class=\"elementor-toggle-icon-opened fas fa-caret-up\"><\/i><\/span>\n\t\t\t\t\t\t\t\t\t\t\t\t\t<\/span>\n\t\t\t\t\t\t\t\t\t\t\t\t<a href=\"\" class=\"elementor-toggle-title\">Kingu\u00e9l\u00e9 Aval<\/a>\n\t\t\t\t\t<\/div>\n\t\t\t\t\t<div id=\"elementor-tab-content-1561\" class=\"elementor-tab-content elementor-clearfix\" data-tab=\"1\" role=\"tabpanel\" aria-labelledby=\"elementor-tab-title-1561\"><div class=\"page\" title=\"Page 3\"><div class=\"section\"><div class=\"layoutArea\"><div class=\"column\"><p>Situe\u0301 a\u0300 proximite\u0301 du <strong>parc national des Monts de Cristal<\/strong>, au nord de Libreville, le projet de centrale hydroe\u0301lectrique de Kingue\u0301le\u0301 disposera d\u2019une capacite\u0301 de 35 MW et permettra a\u0300 terme d\u2019alimenter le re\u0301seau national a\u0300 hauteur de 205 GWh par an. Le projet fournira environ 13% des besoins en e\u0301lectricite\u0301 de Libreville, la capitale du Gabon, et contribuera au remplacement de capacite\u0301s thermiques existantes tout en e\u0301conomisant plus de 150 000 tonnes d&#8217;e\u0301missions de CO2 par an. Elle participera e\u0301galement a\u0300 l\u2019e\u0301lectrification des zones rurales telles qu\u2019Andock Foula, contribuant a\u0300 l\u2019inclusion sociale au Gabon.<\/p><div class=\"page\" title=\"Page 3\"><div class=\"section\"><div class=\"layoutArea\"><div class=\"column\"><p>Fruit d\u2019un accord entre GPC et Meridiam, le projet be\u0301ne\u0301ficie e\u0301galement de l\u2019appui financier de plusieurs bailleurs de fonds de premier plan : IFC, filiale de la Banque mondiale de\u0301die\u0301e au secteur prive\u0301, la Banque Africaine de De\u0301veloppement, la Development Bank of Southern Africa et Emerging Africa Infrastructure Fund.<\/p><\/div><\/div><\/div><\/div><\/div><\/div><\/div><\/div><\/div>\n\t\t\t\t<\/div>\n\t\t\t\t\t\t\t<div class=\"elementor-toggle-item\">\n\t\t\t\t\t<div id=\"elementor-tab-title-1562\" class=\"elementor-tab-title\" data-tab=\"2\" role=\"tab\" aria-controls=\"elementor-tab-content-1562\" aria-expanded=\"false\">\n\t\t\t\t\t\t\t\t\t\t\t\t<span class=\"elementor-toggle-icon elementor-toggle-icon-right\" aria-hidden=\"true\">\n\t\t\t\t\t\t\t\t\t\t\t\t\t\t\t<span class=\"elementor-toggle-icon-closed\"><i class=\"fas fa-caret-right\"><\/i><\/span>\n\t\t\t\t\t\t\t\t<span class=\"elementor-toggle-icon-opened\"><i class=\"elementor-toggle-icon-opened fas fa-caret-up\"><\/i><\/span>\n\t\t\t\t\t\t\t\t\t\t\t\t\t<\/span>\n\t\t\t\t\t\t\t\t\t\t\t\t<a href=\"\" class=\"elementor-toggle-title\">IPP Owendo<\/a>\n\t\t\t\t\t<\/div>\n\t\t\t\t\t<div id=\"elementor-tab-content-1562\" class=\"elementor-tab-content elementor-clearfix\" data-tab=\"2\" role=\"tabpanel\" aria-labelledby=\"elementor-tab-title-1562\"><div class=\"page\" title=\"Page 4\"><div class=\"section\"><div class=\"layoutArea\"><div class=\"column\"><p>D\u2019une capacite\u0301 de 120 MW, l\u2019IPP Owendo est une centrale thermique au gaz naturel, de\u0301veloppe\u0301e en partenariat avec Wa\u0308rtsila\u0308. Le projet est situe\u0301 dans la province de l\u2019Estuaire et a pour objectif de participer au de\u0301veloppement de l\u2019offre e\u0301nerge\u0301tique au Gabon.<\/p><div class=\"page\" title=\"Page 4\"><div class=\"section\"><div class=\"layoutArea\"><div class=\"column\"><p>La nouvelle centrale va permettre de satisfaire la demande de la province de l\u2019Estuaire, notamment la ville d\u2019Owendo, premier port du pays et pie\u0300ce mai\u0302tresse du dispositif industriel gabonais, ainsi que l\u2019agglome\u0301ration de Libreville, qui compte pre\u0300s de la moitie\u0301 de la population du Gabon.<\/p><\/div><\/div><\/div><\/div><\/div><\/div><\/div><\/div><\/div>\n\t\t\t\t<\/div>\n\t\t\t\t\t\t\t<div class=\"elementor-toggle-item\">\n\t\t\t\t\t<div id=\"elementor-tab-title-1563\" class=\"elementor-tab-title\" data-tab=\"3\" role=\"tab\" aria-controls=\"elementor-tab-content-1563\" aria-expanded=\"false\">\n\t\t\t\t\t\t\t\t\t\t\t\t<span class=\"elementor-toggle-icon elementor-toggle-icon-right\" aria-hidden=\"true\">\n\t\t\t\t\t\t\t\t\t\t\t\t\t\t\t<span class=\"elementor-toggle-icon-closed\"><i class=\"fas fa-caret-right\"><\/i><\/span>\n\t\t\t\t\t\t\t\t<span class=\"elementor-toggle-icon-opened\"><i class=\"elementor-toggle-icon-opened fas fa-caret-up\"><\/i><\/span>\n\t\t\t\t\t\t\t\t\t\t\t\t\t<\/span>\n\t\t\t\t\t\t\t\t\t\t\t\t<a href=\"\" class=\"elementor-toggle-title\">Ngoulmendjim<\/a>\n\t\t\t\t\t<\/div>\n\t\t\t\t\t<div id=\"elementor-tab-content-1563\" class=\"elementor-tab-content elementor-clearfix\" data-tab=\"3\" role=\"tabpanel\" aria-labelledby=\"elementor-tab-title-1563\"><div class=\"page\" title=\"Page 3\"><div class=\"section\"><div class=\"layoutArea\"><div class=\"column\"><p>\u201cLe projet de centrale hydroe\u0301lectrique de Ngoulmendjim est situe\u0301 dans la province de l\u2019Estuaire, sur le fleuve Komo, et s\u2019inscrit dans le cadre de la Vision Gabon E\u0301mergent. En partenariat avec le Groupe Eranove, l\u2019infrastructure est re\u0301alise\u0301e dans le cadre d\u2019un accord de type build\u2013own\u2013operate\u2013transfer (BOOT) qui comprend la conception, le financement, la construction et la gestion du projet. La centrale aura une capacite\u0301 et une participation au r\u00e9seau interconnect\u00e9 (RIC) de 83 MW, avec un productible annuel e\u0301quivalent a\u0300 550 GWh. Le projet pre\u0301voit la cre\u0301ation de 1000 emplois directs et indirects par la sous-traitance avec des petites et moyennes entreprises gabonaises. Le projet pre\u0301voit e\u0301galement un partenariat avec l\u2019h\u00f4pital de Kango pour un renforcement du plateau technique.\u00a0<\/p><\/div><\/div><\/div><\/div><\/div>\n\t\t\t\t<\/div>\n\t\t\t\t\t\t\t<div class=\"elementor-toggle-item\">\n\t\t\t\t\t<div id=\"elementor-tab-title-1564\" class=\"elementor-tab-title\" data-tab=\"4\" role=\"tab\" aria-controls=\"elementor-tab-content-1564\" aria-expanded=\"false\">\n\t\t\t\t\t\t\t\t\t\t\t\t<span class=\"elementor-toggle-icon elementor-toggle-icon-right\" aria-hidden=\"true\">\n\t\t\t\t\t\t\t\t\t\t\t\t\t\t\t<span class=\"elementor-toggle-icon-closed\"><i class=\"fas fa-caret-right\"><\/i><\/span>\n\t\t\t\t\t\t\t\t<span class=\"elementor-toggle-icon-opened\"><i class=\"elementor-toggle-icon-opened fas fa-caret-up\"><\/i><\/span>\n\t\t\t\t\t\t\t\t\t\t\t\t\t<\/span>\n\t\t\t\t\t\t\t\t\t\t\t\t<a href=\"\" class=\"elementor-toggle-title\">Dibwangui<\/a>\n\t\t\t\t\t<\/div>\n\t\t\t\t\t<div id=\"elementor-tab-content-1564\" class=\"elementor-tab-content elementor-clearfix\" data-tab=\"4\" role=\"tabpanel\" aria-labelledby=\"elementor-tab-title-1564\"><div class=\"page\" title=\"Page 4\"><div class=\"section\"><div class=\"layoutArea\"><div class=\"column\"><p>Le projet de centrale hydroe\u0301lectrique de Dibwangui est un produit de la collaboration entre GPC et le Groupe Eranove, dans le cadre d\u2019une convention de construction-exploitation de type build\u2013own\u2013operate\u2013transfer (BOOT). L\u2019infrastructure est situe\u0301e dans la province de Ngounie\u0301, sur la rivie\u0300re Louetsi, a\u0300 proximite\u0301 des villages de Mandji et Dibwangui.<\/p><div class=\"page\" title=\"Page 4\"><div class=\"section\"><div class=\"layoutArea\"><div class=\"column\"><p>La centrale posse\u0300de une capacite\u0301 de 15 MW, avec un productible annuel de pre\u0300s de 90 GWh. Cette capacite\u0301 participe a\u0300 l\u2019alimentation du re\u0301seau interconnecte\u0301 du sud (RIC Louetsi), avec pour objectif final de couvrir l\u2019ensemble des besoins e\u0301nerge\u0301tiques de cette re\u0301gion. Elle permettra e\u0301galement de remplacer une production thermique par une production verte et durable.<\/p><\/div><\/div><\/div><\/div><\/div><\/div><\/div><\/div><\/div>\n\t\t\t\t<\/div>\n\t\t\t\t\t\t\t<div class=\"elementor-toggle-item\">\n\t\t\t\t\t<div id=\"elementor-tab-title-1565\" class=\"elementor-tab-title\" data-tab=\"5\" role=\"tab\" aria-controls=\"elementor-tab-content-1565\" aria-expanded=\"false\">\n\t\t\t\t\t\t\t\t\t\t\t\t<span class=\"elementor-toggle-icon elementor-toggle-icon-right\" aria-hidden=\"true\">\n\t\t\t\t\t\t\t\t\t\t\t\t\t\t\t<span class=\"elementor-toggle-icon-closed\"><i class=\"fas fa-caret-right\"><\/i><\/span>\n\t\t\t\t\t\t\t\t<span class=\"elementor-toggle-icon-opened\"><i class=\"elementor-toggle-icon-opened fas fa-caret-up\"><\/i><\/span>\n\t\t\t\t\t\t\t\t\t\t\t\t\t<\/span>\n\t\t\t\t\t\t\t\t\t\t\t\t<a href=\"\" class=\"elementor-toggle-title\">Ntoum 7<\/a>\n\t\t\t\t\t<\/div>\n\t\t\t\t\t<div id=\"elementor-tab-content-1565\" class=\"elementor-tab-content elementor-clearfix\" data-tab=\"5\" role=\"tabpanel\" aria-labelledby=\"elementor-tab-title-1565\"><div class=\"page\" title=\"Page 4\"><div class=\"section\"><div class=\"layoutArea\"><div class=\"column\"><p>Dans le cadre d\u2019un protocole d\u2019accord signe\u0301 en 2017 par la Re\u0301publique Gabonaise, le FGIS et le Groupe Eranove, le projet de l\u2019usine de traitement d\u2019eau Ntoum 7 a e\u0301te\u0301 mis en place, conforme\u0301ment aux objectifs du Plan Strate\u0301gique Gabon E\u0301mergent (PSGE). Cette infrastructure sans pre\u0301ce\u0301dent est situe\u0301e entre les villes de Ntoum et de Kango, sur le fleuve Komo. Une fois le projet acheve\u0301, l\u2019usine aura une capacite\u0301 de 130 000 m3 \/ jour et aura un impact conside\u0301rable sur le de\u0301veloppement de l\u2019acce\u0300s a\u0300 l\u2019eau potable au Gabon. Le projet pre\u0301voit la cre\u0301ation de 500 emplois directs et aura un impact social b\u00e9n\u00e9ficiant \u00e0 environ 600.000 habitants.<\/p><\/div><\/div><\/div><\/div><\/div>\n\t\t\t\t<\/div>\n\t\t\t\t\t\t\t\t<\/div>\n\t\t\t\t<\/div>\n\t\t\t\t<\/div>\n\t\t            <\/div>\n        <\/div>\n                            <\/div>\n        <\/section>\n        \t\t\t\t<\/div>\n\t\t\t\t\t<\/div>\n\t\t","protected":false},"excerpt":{"rendered":"<p>Nos Projets Home GPC a pour mission la re\u0301alisation d\u2019e\u0301tudes, la conception, la construction et l\u2019exploitation d\u2019infrastructures de production d\u2019e\u0301nergie et d\u2019eau. GPC prend des participations dans des socie\u0301te\u0301s de projet cre\u0301e\u0301es pour chacun des ouvrages et reste libre de les ce\u0301der une fois qu\u2019ils sont mis en exploitation. GPC de\u0301veloppe actuellement cinq projets (quatre [&hellip;]<\/p>\n","protected":false},"author":1,"featured_media":0,"parent":0,"menu_order":0,"comment_status":"closed","ping_status":"closed","template":"","meta":{"footnotes":""},"class_list":["post-20583","page","type-page","status-publish","hentry"],"_links":{"self":[{"href":"https:\/\/gpc-gabon.com\/fr\/wp-json\/wp\/v2\/pages\/20583","targetHints":{"allow":["GET"]}}],"collection":[{"href":"https:\/\/gpc-gabon.com\/fr\/wp-json\/wp\/v2\/pages"}],"about":[{"href":"https:\/\/gpc-gabon.com\/fr\/wp-json\/wp\/v2\/types\/page"}],"author":[{"embeddable":true,"href":"https:\/\/gpc-gabon.com\/fr\/wp-json\/wp\/v2\/users\/1"}],"replies":[{"embeddable":true,"href":"https:\/\/gpc-gabon.com\/fr\/wp-json\/wp\/v2\/comments?post=20583"}],"version-history":[{"count":64,"href":"https:\/\/gpc-gabon.com\/fr\/wp-json\/wp\/v2\/pages\/20583\/revisions"}],"predecessor-version":[{"id":21158,"href":"https:\/\/gpc-gabon.com\/fr\/wp-json\/wp\/v2\/pages\/20583\/revisions\/21158"}],"wp:attachment":[{"href":"https:\/\/gpc-gabon.com\/fr\/wp-json\/wp\/v2\/media?parent=20583"}],"curies":[{"name":"wp","href":"https:\/\/api.w.org\/{rel}","templated":true}]}}