{"id":20579,"date":"2021-06-29T23:15:25","date_gmt":"2021-06-29T22:15:25","guid":{"rendered":"https:\/\/gpc-gabon.com\/fr\/?page_id=20579"},"modified":"2021-11-22T10:41:15","modified_gmt":"2021-11-22T09:41:15","slug":"gpc","status":"publish","type":"page","link":"https:\/\/gpc-gabon.com\/fr\/gpc\/","title":{"rendered":"GPC"},"content":{"rendered":"\t\t<div data-elementor-type=\"wp-page\" data-elementor-id=\"20579\" class=\"elementor elementor-20579\" data-elementor-settings=\"[]\">\n\t\t\t\t\t\t\t<div class=\"elementor-section-wrap\">\n\t\t\t\t\t        <section class=\"elementor-section elementor-top-section elementor-element elementor-element-befdd3b elementor-section-stretched elementor-section-boxed elementor-section-height-default elementor-section-height-default\" data-id=\"befdd3b\" data-element_type=\"section\" data-settings=\"{&quot;stretch_section&quot;:&quot;section-stretched&quot;,&quot;background_background&quot;:&quot;classic&quot;}\">\n                            <div class=\"elementor-background-overlay\"><\/div>\n                \n                        <div class=\"elementor-container elementor-column-gap-default \">\n                    <div class=\"elementor-column elementor-col-100 elementor-top-column elementor-element elementor-element-a41034c\" data-id=\"a41034c\" data-element_type=\"column\">\n            <div class=\"elementor-widget-wrap elementor-element-populated\">\n                                <section class=\"elementor-section elementor-inner-section elementor-element elementor-element-1f2fa00 elementor-section-boxed elementor-section-height-default elementor-section-height-default\" data-id=\"1f2fa00\" data-element_type=\"section\">\n            \n                        <div class=\"elementor-container elementor-column-gap-default \">\n                    <div class=\"elementor-column elementor-col-100 elementor-inner-column elementor-element elementor-element-5972abc\" data-id=\"5972abc\" data-element_type=\"column\">\n            <div class=\"elementor-widget-wrap elementor-element-populated\">\n                        \t\t<div class=\"elementor-element elementor-element-27eba8c elementor-widget elementor-widget-cms_heading\" data-id=\"27eba8c\" data-element_type=\"widget\" data-widget_type=\"cms_heading.default\">\n\t\t\t\t<div class=\"elementor-widget-container\">\n\t\t\t<div class=\"cms-heading-wrapper cms-heading-layout1\">\r\n    \r\n            <h1 class=\"custom-heading\">\r\n            <span >\u00c0 Propos de GPC<\/span>\r\n        <\/h1>\r\n        \r\n    <\/div>\t\t<\/div>\n\t\t\t\t<\/div>\n\t\t\t\t<div class=\"elementor-element elementor-element-f41e39c elementor-widget elementor-widget-text-editor\" data-id=\"f41e39c\" data-element_type=\"widget\" data-widget_type=\"text-editor.default\">\n\t\t\t\t<div class=\"elementor-widget-container\">\n\t\t\t\t\t\t\t\t\t\t\t\t\t\t<\/div>\n\t\t\t\t<\/div>\n\t\t            <\/div>\n        <\/div>\n                            <\/div>\n        <\/section>\n        \t\t<div class=\"elementor-element elementor-element-60fc05f elementor-widget elementor-widget-cms_breadcrumb\" data-id=\"60fc05f\" data-element_type=\"widget\" data-widget_type=\"cms_breadcrumb.default\">\n\t\t\t\t<div class=\"elementor-widget-container\">\n\t\t\t<ul class=\"cms-breadcrumb\"><li><span class=\"breadcrumb-entry\">Home<\/span><\/li><\/ul>\t\t<\/div>\n\t\t\t\t<\/div>\n\t\t            <\/div>\n        <\/div>\n                            <\/div>\n        <\/section>\n                <section class=\"elementor-section elementor-top-section elementor-element elementor-element-16248e1 elementor-section-boxed elementor-section-height-default elementor-section-height-default\" data-id=\"16248e1\" data-element_type=\"section\">\n            \n                        <div class=\"elementor-container elementor-column-gap-default \">\n                    <div class=\"elementor-column elementor-col-50 elementor-top-column elementor-element elementor-element-f0780a1\" data-id=\"f0780a1\" data-element_type=\"column\">\n            <div class=\"elementor-widget-wrap elementor-element-populated\">\n                        \t\t<div class=\"elementor-element elementor-element-70fd832 elementor-widget elementor-widget-cms_heading\" data-id=\"70fd832\" data-element_type=\"widget\" data-widget_type=\"cms_heading.default\">\n\t\t\t\t<div class=\"elementor-widget-container\">\n\t\t\t<div class=\"cms-heading-wrapper cms-heading-layout1\">\r\n    \r\n            <h2 class=\"custom-heading\">\r\n            <span >D\u00e9velopper des projets en infrastructures \u00e9nerg\u00e9tiques<\/span>\r\n        <\/h2>\r\n        \r\n    <\/div>\t\t<\/div>\n\t\t\t\t<\/div>\n\t\t        <section class=\"elementor-section elementor-inner-section elementor-element elementor-element-4a38ff9 elementor-section-boxed elementor-section-height-default elementor-section-height-default\" data-id=\"4a38ff9\" data-element_type=\"section\">\n            \n                        <div class=\"elementor-container elementor-column-gap-no \">\n                    <div class=\"elementor-column elementor-col-100 elementor-inner-column elementor-element elementor-element-dd5955e\" data-id=\"dd5955e\" data-element_type=\"column\">\n            <div class=\"elementor-widget-wrap elementor-element-populated\">\n                        \t\t<div class=\"elementor-element elementor-element-ff84e09 elementor-widget elementor-widget-text-editor\" data-id=\"ff84e09\" data-element_type=\"widget\" data-widget_type=\"text-editor.default\">\n\t\t\t\t<div class=\"elementor-widget-container\">\n\t\t\t\t\t\t\t\t<div class=\"page\" title=\"Page 1\"><div class=\"section\"><div class=\"layoutArea\"><div class=\"column\"><p>Gabon Power Company a e\u0301te\u0301 cre\u0301e\u0301e en 2015 par le Fonds Gabonais d\u2019Investissements Strate\u0301giques pour de\u0301velopper des projets en infrastructures e\u0301nerge\u0301tiques destine\u0301es a\u0300 enrichir le mix e\u0301nerge\u0301tique et soutenir une croissance durable au Gabon.<\/p><\/div><\/div><\/div><\/div>\t\t\t\t\t\t<\/div>\n\t\t\t\t<\/div>\n\t\t\t\t<div class=\"elementor-element elementor-element-8f1d535 elementor-widget elementor-widget-text-editor\" data-id=\"8f1d535\" data-element_type=\"widget\" data-widget_type=\"text-editor.default\">\n\t\t\t\t<div class=\"elementor-widget-container\">\n\t\t\t\t\t\t\t\t<div class=\"page\" title=\"Page 1\"><div class=\"section\"><div class=\"layoutArea\"><div class=\"column\"><p>Gabon Power Company (GPC) ope\u0300re dans la re\u0301alisation d\u2019e\u0301tudes, la conception, la construction et l\u2019exploitation d\u2019infrastructures de production d&#8217;e\u0301lectricite\u0301 et d\u2019eau.<\/p><div class=\"page\" title=\"Page 1\"><div class=\"section\"><div class=\"layoutArea\"><div class=\"column\"><p>GPC de\u0301veloppe ses projets en partenariat avec des acteurs strate\u0301giques (industriels et financiers) du secteur pre\u0301sentant un inte\u0301re\u0302t pour leur impact social et environnemental ainsi qu\u2019une notorie\u0301te\u0301 internationale. Au total, GPC de\u0301veloppe actuellement quatre projets de centrale e\u0301lectrique et un projet de production d\u2019eau et d\u2019assainissement. Ces projets pourront entrer en service au cours des prochaines anne\u0301es : ils contribuent a\u0300 la satisfaction de la demande des particuliers et des industriels, en forte augmentation dans un contexte de croissance de\u0301mographique et d\u2019industrialisation de l\u2019e\u0301conomie gabonaise.<\/p><\/div><\/div><\/div><\/div><\/div><\/div><\/div><\/div>\t\t\t\t\t\t<\/div>\n\t\t\t\t<\/div>\n\t\t            <\/div>\n        <\/div>\n                            <\/div>\n        <\/section>\n                    <\/div>\n        <\/div>\n                <div class=\"elementor-column elementor-col-50 elementor-top-column elementor-element elementor-element-3f31aeb\" data-id=\"3f31aeb\" data-element_type=\"column\" data-settings=\"{&quot;background_background&quot;:&quot;classic&quot;}\">\n            <div class=\"elementor-widget-wrap elementor-element-populated\">\n                                <section class=\"elementor-section elementor-inner-section elementor-element elementor-element-ec16e85 elementor-section-boxed elementor-section-height-default elementor-section-height-default\" data-id=\"ec16e85\" data-element_type=\"section\" data-settings=\"{&quot;background_background&quot;:&quot;classic&quot;}\">\n            \n                        <div class=\"elementor-container elementor-column-gap-no \">\n                    <div class=\"elementor-column elementor-col-100 elementor-inner-column elementor-element elementor-element-f1501c4\" data-id=\"f1501c4\" data-element_type=\"column\">\n            <div class=\"elementor-widget-wrap elementor-element-populated\">\n                        \t\t<div class=\"elementor-element elementor-element-f96b57c elementor-widget elementor-widget-spacer\" data-id=\"f96b57c\" data-element_type=\"widget\" data-widget_type=\"spacer.default\">\n\t\t\t\t<div class=\"elementor-widget-container\">\n\t\t\t\t\t<div class=\"elementor-spacer\">\n\t\t\t<div class=\"elementor-spacer-inner\"><\/div>\n\t\t<\/div>\n\t\t\t\t<\/div>\n\t\t\t\t<\/div>\n\t\t            <\/div>\n        <\/div>\n                            <\/div>\n        <\/section>\n                    <\/div>\n        <\/div>\n                            <\/div>\n        <\/section>\n                <section class=\"elementor-section elementor-top-section elementor-element elementor-element-cc06c33 elementor-section-content-top elementor-section-boxed elementor-section-height-default elementor-section-height-default\" data-id=\"cc06c33\" data-element_type=\"section\">\n            \n                        <div class=\"elementor-container elementor-column-gap-default \">\n                    <div class=\"elementor-column elementor-col-100 elementor-top-column elementor-element elementor-element-5dc086f\" data-id=\"5dc086f\" data-element_type=\"column\" data-settings=\"{&quot;background_background&quot;:&quot;classic&quot;}\">\n            <div class=\"elementor-widget-wrap elementor-element-populated\">\n                                <section class=\"elementor-section elementor-inner-section elementor-element elementor-element-3054054 elementor-section-content-top elementor-section-boxed elementor-section-height-default elementor-section-height-default\" data-id=\"3054054\" data-element_type=\"section\">\n            \n                        <div class=\"elementor-container elementor-column-gap-default \">\n                    <div class=\"elementor-column elementor-col-50 elementor-inner-column elementor-element elementor-element-383fe4a\" data-id=\"383fe4a\" data-element_type=\"column\">\n            <div class=\"elementor-widget-wrap elementor-element-populated\">\n                        \t\t<div class=\"elementor-element elementor-element-82f4f46 elementor-position-top elementor-vertical-align-top elementor-widget elementor-widget-image-box\" data-id=\"82f4f46\" data-element_type=\"widget\" data-widget_type=\"image-box.default\">\n\t\t\t\t<div class=\"elementor-widget-container\">\n\t\t\t<div class=\"elementor-image-box-wrapper\"><div class=\"elementor-image-box-content\"><h3 class=\"elementor-image-box-title\">Notre Mission<\/h3><p class=\"elementor-image-box-description\"><b>Notre mission<\/b> est de renforcer le mix \u00e9nerg\u00e9tique au Gabon par des projets responsables b\u00e9n\u00e9ficiant au bien-\u00eatre de la population gabonaise.<\/p><\/div><\/div>\t\t<\/div>\n\t\t\t\t<\/div>\n\t\t            <\/div>\n        <\/div>\n                <div class=\"elementor-column elementor-col-50 elementor-inner-column elementor-element elementor-element-bcea67b\" data-id=\"bcea67b\" data-element_type=\"column\">\n            <div class=\"elementor-widget-wrap elementor-element-populated\">\n                        \t\t<div class=\"elementor-element elementor-element-c259159 elementor-position-top elementor-vertical-align-top elementor-widget elementor-widget-image-box\" data-id=\"c259159\" data-element_type=\"widget\" data-widget_type=\"image-box.default\">\n\t\t\t\t<div class=\"elementor-widget-container\">\n\t\t\t<div class=\"elementor-image-box-wrapper\"><div class=\"elementor-image-box-content\"><h3 class=\"elementor-image-box-title\">Notre Vision<\/h3><p class=\"elementor-image-box-description\"><b>Notre vision<\/b> est celle d\u2019un acc\u00e8s au meilleur service \u00e9nerg\u00e9tique pour l\u2019ensemble de la population et le tissu industriel gabonais.<\/p><\/div><\/div>\t\t<\/div>\n\t\t\t\t<\/div>\n\t\t            <\/div>\n        <\/div>\n                            <\/div>\n        <\/section>\n                <section class=\"elementor-section elementor-inner-section elementor-element elementor-element-3a13b9a elementor-section-content-top elementor-section-boxed elementor-section-height-default elementor-section-height-default\" data-id=\"3a13b9a\" data-element_type=\"section\">\n            \n                        <div class=\"elementor-container elementor-column-gap-default \">\n                    <div class=\"elementor-column elementor-col-100 elementor-inner-column elementor-element elementor-element-630c6ed\" data-id=\"630c6ed\" data-element_type=\"column\">\n            <div class=\"elementor-widget-wrap elementor-element-populated\">\n                        \t\t<div class=\"elementor-element elementor-element-8d2a0cb elementor-position-top elementor-vertical-align-top elementor-widget elementor-widget-image-box\" data-id=\"8d2a0cb\" data-element_type=\"widget\" data-widget_type=\"image-box.default\">\n\t\t\t\t<div class=\"elementor-widget-container\">\n\t\t\t<div class=\"elementor-image-box-wrapper\"><div class=\"elementor-image-box-content\"><h3 class=\"elementor-image-box-title\">Nos Valeurs<\/h3><p class=\"elementor-image-box-description\"><b>Solidarit\u00e9<\/b> envers les besoins de\nla population gabonaise.<br><br><b>Cr\u00e9ativit\u00e9 et innovation<\/b> pour des projets agiles, \u00e0 la pointe du progr\u00e8s.<br><br><b>Performance<\/b> aux normes d\u2019excellence internationales.<br><br><b>Responsabilit\u00e9<\/b> sociale et environnementale au c\u0153ur de la conception de chaque projet.<\/p><\/div><\/div>\t\t<\/div>\n\t\t\t\t<\/div>\n\t\t            <\/div>\n        <\/div>\n                            <\/div>\n        <\/section>\n                    <\/div>\n        <\/div>\n                            <\/div>\n        <\/section>\n                <section class=\"elementor-section elementor-top-section elementor-element elementor-element-09ae511 elementor-section-boxed elementor-section-height-default elementor-section-height-default\" data-id=\"09ae511\" data-element_type=\"section\">\n            \n                        <div class=\"elementor-container elementor-column-gap-default \">\n                    <div class=\"elementor-column elementor-col-50 elementor-top-column elementor-element elementor-element-eab95fe\" data-id=\"eab95fe\" data-element_type=\"column\">\n            <div class=\"elementor-widget-wrap elementor-element-populated\">\n                        \t\t<div class=\"elementor-element elementor-element-f55cdc2 elementor-widget elementor-widget-cms_heading\" data-id=\"f55cdc2\" data-element_type=\"widget\" data-widget_type=\"cms_heading.default\">\n\t\t\t\t<div class=\"elementor-widget-container\">\n\t\t\t<div class=\"cms-heading-wrapper cms-heading-layout1\">\r\n    \r\n            <h2 class=\"custom-heading\">\r\n            <span >Notre Histoire<\/span>\r\n        <\/h2>\r\n        \r\n    <\/div>\t\t<\/div>\n\t\t\t\t<\/div>\n\t\t        <section class=\"elementor-section elementor-inner-section elementor-element elementor-element-e5090bf elementor-section-boxed elementor-section-height-default elementor-section-height-default\" data-id=\"e5090bf\" data-element_type=\"section\">\n            \n                        <div class=\"elementor-container elementor-column-gap-no \">\n                    <div class=\"elementor-column elementor-col-100 elementor-inner-column elementor-element elementor-element-5a3ca89\" data-id=\"5a3ca89\" data-element_type=\"column\">\n            <div class=\"elementor-widget-wrap elementor-element-populated\">\n                        \t\t<div class=\"elementor-element elementor-element-bc59220 elementor-widget elementor-widget-text-editor\" data-id=\"bc59220\" data-element_type=\"widget\" data-widget_type=\"text-editor.default\">\n\t\t\t\t<div class=\"elementor-widget-container\">\n\t\t\t\t\t\t\t\t<div class=\"page\" title=\"Page 1\"><div class=\"section\"><div class=\"layoutArea\"><div class=\"column\"><p>Gabon Power Company a e\u0301te\u0301 cre\u0301e\u0301e en 2015 par le Fonds Gabonais d\u2019Investissements Strate\u0301giques afin de proposer une nouvelle approche pour la construction et l\u2019exploitation des infrastructures d\u2019eau et d\u2019e\u0301lectricite\u0301 au Gabon.<\/p><\/div><\/div><\/div><\/div>\t\t\t\t\t\t<\/div>\n\t\t\t\t<\/div>\n\t\t\t\t<div class=\"elementor-element elementor-element-270a178 elementor-widget elementor-widget-text-editor\" data-id=\"270a178\" data-element_type=\"widget\" data-widget_type=\"text-editor.default\">\n\t\t\t\t<div class=\"elementor-widget-container\">\n\t\t\t\t\t\t\t\t<div class=\"page\" title=\"Page 1\"><div class=\"section\"><div class=\"layoutArea\"><div class=\"column\"><p class=\"p1\">La cr\u00e9ation de GPC r\u00e9pond \u00e0 la n\u00e9cessit\u00e9 d\u2019\u00e9laborer de nouveaux mod\u00e8les de financement pour r\u00e9pondre aux besoins en infrastructures du pays, auxquels l\u2019Etat seul ne peut pas adresser.<\/p><div class=\"page\" title=\"Page 2\"><div class=\"section\"><div class=\"layoutArea\"><div class=\"column\"><p>En tant qu\u2019actionnaire strate\u0301gique et engage\u0301, GPC repre\u0301sente activement les inte\u0301re\u0302ts du Fonds Gabonais d\u2019Investissements Strate\u0301giques au nom de la population gabonaise dans des projets structurants pour soutenir la transformation de l\u2019e\u0301conomie nationale.<\/p><\/div><\/div><\/div><\/div><\/div><\/div><\/div><\/div>\t\t\t\t\t\t<\/div>\n\t\t\t\t<\/div>\n\t\t            <\/div>\n        <\/div>\n                            <\/div>\n        <\/section>\n                    <\/div>\n        <\/div>\n                <div class=\"elementor-column elementor-col-50 elementor-top-column elementor-element elementor-element-0d12832\" data-id=\"0d12832\" data-element_type=\"column\" data-settings=\"{&quot;background_background&quot;:&quot;classic&quot;}\">\n            <div class=\"elementor-widget-wrap elementor-element-populated\">\n                                <section class=\"elementor-section elementor-inner-section elementor-element elementor-element-61956c9 elementor-section-boxed elementor-section-height-default elementor-section-height-default\" data-id=\"61956c9\" data-element_type=\"section\" data-settings=\"{&quot;background_background&quot;:&quot;classic&quot;}\">\n            \n                        <div class=\"elementor-container elementor-column-gap-no \">\n                    <div class=\"elementor-column elementor-col-100 elementor-inner-column elementor-element elementor-element-48921a4\" data-id=\"48921a4\" data-element_type=\"column\">\n            <div class=\"elementor-widget-wrap elementor-element-populated\">\n                        \t\t<div class=\"elementor-element elementor-element-31545c3 elementor-widget elementor-widget-spacer\" data-id=\"31545c3\" data-element_type=\"widget\" data-widget_type=\"spacer.default\">\n\t\t\t\t<div class=\"elementor-widget-container\">\n\t\t\t\t\t<div class=\"elementor-spacer\">\n\t\t\t<div class=\"elementor-spacer-inner\"><\/div>\n\t\t<\/div>\n\t\t\t\t<\/div>\n\t\t\t\t<\/div>\n\t\t            <\/div>\n        <\/div>\n                            <\/div>\n        <\/section>\n                    <\/div>\n        <\/div>\n                            <\/div>\n        <\/section>\n        \t\t\t\t<\/div>\n\t\t\t\t\t<\/div>\n\t\t","protected":false},"excerpt":{"rendered":"<p>\u00c0 Propos de GPC Home D\u00e9velopper des projets en infrastructures \u00e9nerg\u00e9tiques Gabon Power Company a e\u0301te\u0301 cre\u0301e\u0301e en 2015 par le Fonds Gabonais d\u2019Investissements Strate\u0301giques pour de\u0301velopper des projets en infrastructures e\u0301nerge\u0301tiques destine\u0301es a\u0300 enrichir le mix e\u0301nerge\u0301tique et soutenir une croissance durable au Gabon. Gabon Power Company (GPC) ope\u0300re dans la re\u0301alisation d\u2019e\u0301tudes, la [&hellip;]<\/p>\n","protected":false},"author":1,"featured_media":0,"parent":0,"menu_order":0,"comment_status":"closed","ping_status":"closed","template":"","meta":{"footnotes":""},"class_list":["post-20579","page","type-page","status-publish","hentry"],"_links":{"self":[{"href":"https:\/\/gpc-gabon.com\/fr\/wp-json\/wp\/v2\/pages\/20579","targetHints":{"allow":["GET"]}}],"collection":[{"href":"https:\/\/gpc-gabon.com\/fr\/wp-json\/wp\/v2\/pages"}],"about":[{"href":"https:\/\/gpc-gabon.com\/fr\/wp-json\/wp\/v2\/types\/page"}],"author":[{"embeddable":true,"href":"https:\/\/gpc-gabon.com\/fr\/wp-json\/wp\/v2\/users\/1"}],"replies":[{"embeddable":true,"href":"https:\/\/gpc-gabon.com\/fr\/wp-json\/wp\/v2\/comments?post=20579"}],"version-history":[{"count":49,"href":"https:\/\/gpc-gabon.com\/fr\/wp-json\/wp\/v2\/pages\/20579\/revisions"}],"predecessor-version":[{"id":21096,"href":"https:\/\/gpc-gabon.com\/fr\/wp-json\/wp\/v2\/pages\/20579\/revisions\/21096"}],"wp:attachment":[{"href":"https:\/\/gpc-gabon.com\/fr\/wp-json\/wp\/v2\/media?parent=20579"}],"curies":[{"name":"wp","href":"https:\/\/api.w.org\/{rel}","templated":true}]}}