{"id":21064,"date":"2021-10-20T13:49:01","date_gmt":"2021-10-20T12:49:01","guid":{"rendered":"https:\/\/gpc-gabon.com\/en\/?page_id=21064"},"modified":"2021-11-29T15:21:35","modified_gmt":"2021-11-29T14:21:35","slug":"actualites","status":"publish","type":"page","link":"https:\/\/gpc-gabon.com\/en\/actualites\/","title":{"rendered":"Actualit\u00e9s"},"content":{"rendered":"\t\t<div data-elementor-type=\"wp-post\" data-elementor-id=\"21064\" class=\"elementor elementor-21064\" data-elementor-settings=\"[]\">\n\t\t\t\t\t\t\t<div class=\"elementor-section-wrap\">\n\t\t\t\t\t        <section class=\"elementor-section elementor-top-section elementor-element elementor-element-88f8c7b elementor-section-stretched elementor-section-boxed elementor-section-height-default elementor-section-height-default\" data-id=\"88f8c7b\" data-element_type=\"section\" data-settings=\"{&quot;stretch_section&quot;:&quot;section-stretched&quot;,&quot;background_background&quot;:&quot;classic&quot;}\">\n                            <div class=\"elementor-background-overlay\"><\/div>\n                \n                        <div class=\"elementor-container elementor-column-gap-default \">\n                    <div class=\"elementor-column elementor-col-100 elementor-top-column elementor-element elementor-element-8a40248\" data-id=\"8a40248\" data-element_type=\"column\">\n            <div class=\"elementor-widget-wrap elementor-element-populated\">\n                        \t\t<div class=\"elementor-element elementor-element-8f64f10 elementor-widget elementor-widget-cms_heading\" data-id=\"8f64f10\" data-element_type=\"widget\" data-widget_type=\"cms_heading.default\">\n\t\t\t\t<div class=\"elementor-widget-container\">\n\t\t\t<div class=\"cms-heading-wrapper cms-heading-layout1\">\r\n    \r\n            <h1 class=\"custom-heading\">\r\n            <span >Newsroom<\/span>\r\n        <\/h1>\r\n        \r\n    <\/div>\t\t<\/div>\n\t\t\t\t<\/div>\n\t\t\t\t<div class=\"elementor-element elementor-element-924dca4 elementor-widget elementor-widget-text-editor\" data-id=\"924dca4\" data-element_type=\"widget\" data-widget_type=\"text-editor.default\">\n\t\t\t\t<div class=\"elementor-widget-container\">\n\t\t\t\t\t\t\t\t\t\t\t\t\t\t<\/div>\n\t\t\t\t<\/div>\n\t\t\t\t<div class=\"elementor-element elementor-element-ca58767 elementor-widget elementor-widget-cms_breadcrumb\" data-id=\"ca58767\" data-element_type=\"widget\" data-widget_type=\"cms_breadcrumb.default\">\n\t\t\t\t<div class=\"elementor-widget-container\">\n\t\t\t<ul class=\"cms-breadcrumb\"><li><span class=\"breadcrumb-entry\">Home<\/span><\/li><\/ul>\t\t<\/div>\n\t\t\t\t<\/div>\n\t\t            <\/div>\n        <\/div>\n                            <\/div>\n        <\/section>\n                <section class=\"elementor-section elementor-top-section elementor-element elementor-element-8cd3075 elementor-section-boxed elementor-section-height-default elementor-section-height-default\" data-id=\"8cd3075\" data-element_type=\"section\">\n            \n                        <div class=\"elementor-container elementor-column-gap-default \">\n                    <div class=\"elementor-column elementor-col-100 elementor-top-column elementor-element elementor-element-991cd29\" data-id=\"991cd29\" data-element_type=\"column\">\n            <div class=\"elementor-widget-wrap elementor-element-populated\">\n                        \t\t<div class=\"elementor-element elementor-element-a5c18ad elementor-widget elementor-widget-cms_post_grid\" data-id=\"a5c18ad\" data-element_type=\"widget\" data-widget_type=\"cms_post_grid.default\">\n\t\t\t\t<div class=\"elementor-widget-container\">\n\t\t\t\r\n<div id=\"cms_post_grid-a5c18ad\" class=\"cms-grid cms-post-grid-layout1\" data-layout=\"masonry\" data-start-page=\"1\" data-max-pages=\"1\" data-total=\"3\" data-perpage=\"6\" data-next-link=\"\">\r\n    <div class=\"cms-grid-overlay\"><\/div>\r\n    \r\n    <div class=\"cms-grid-inner cms-grid-masonry row animation-time\" data-gutter=\"15\">\r\n                    <div class=\"grid-sizer col-xl-4 col-lg-4 col-md-6 col-sm-6 col-12\"><\/div>\r\n                                <div class=\"grid-item col-xl-4 col-lg-4 col-md-6 col-sm-6 col-12 \">\r\n                    <div class=\"grid-item-inner\">\r\n                                                    <div class=\"entry-featured\">\r\n                                <div class=\"post-image\">\r\n                                    <a href=\"https:\/\/gpc-gabon.com\/en\/sinohydro-signe-avec-lone-pour-favoriser-lemploi-gabonais-dans-le-cadre-de-la-construction-de-kinguele-aval\/\"><img decoding=\"async\" class=\"\" src=\"https:\/\/gpc-gabon.com\/en\/wp-content\/uploads\/2021\/10\/Photo-Signature-Sinohydro-ONE-370x270.jpeg\" width=\"370\" height=\"270\" alt=\"Photo Signature Sinohydro - ONE\" title=\"Photo Signature Sinohydro - ONE\" \/><\/a>\r\n                                <\/div>\r\n                                                                    <div class=\"post-category\"><a href=\"https:\/\/gpc-gabon.com\/en\/category\/press-release\/\" rel=\"tag\">Press release<\/a><\/div>\r\n                                                            <\/div>\r\n                                                <div class=\"entry-body\">\r\n                            <ul class=\"entry-meta\">\r\n                                                                    <li class=\"post-date\">20 October 2021<\/li>\r\n                                                                                                    <li class=\"author\">\r\n                                        <a href=\"https:\/\/gpc-gabon.com\/en\/author\/sean-lenh\/\">GPC<\/a><\/li>\r\n                                                            <\/ul>\r\n                            <h3 class=\"entry-title\">\r\n                                <a href=\"https:\/\/gpc-gabon.com\/en\/sinohydro-signe-avec-lone-pour-favoriser-lemploi-gabonais-dans-le-cadre-de-la-construction-de-kinguele-aval\/\">Sinohydro signe avec l&#8217;ONE pour favoriser l&#8217;emploi gabonais dans le cadre de la construction de Kinguele Aval<\/a>\r\n                            <\/h3>\r\n                                                            <div class=\"entry-content\">\r\n                                    Libreville, le 18 octobre 2021 &#8211; Sinohydro, l\u2019entreprise publique d\u2019ing\u00e9nierie et de construction hydro\u00e9lectrique chinoise mandat\u00e9e par Asonha \u00c9nergie, a sign\u00e9 un accord avec l\u2019Office National de l\u2019Emploi dans le&hellip;                                <\/div>\r\n                                                                                        <div class=\"entry-readmore\">\r\n                                    <a class=\"btn-more\" href=\"https:\/\/gpc-gabon.com\/en\/sinohydro-signe-avec-lone-pour-favoriser-lemploi-gabonais-dans-le-cadre-de-la-construction-de-kinguele-aval\/\">\r\n                                        <span>Read More<\/span>\r\n                                        <i class=\"fas fac-arrow-right\"><\/i>\r\n                                    <\/a>\r\n                                <\/div>\r\n                                                    <\/div>\r\n                    <\/div>\r\n                <\/div>\r\n                            <div class=\"grid-item col-xl-4 col-lg-4 col-md-6 col-sm-6 col-12 \">\r\n                    <div class=\"grid-item-inner\">\r\n                                                    <div class=\"entry-featured\">\r\n                                <div class=\"post-image\">\r\n                                    <a href=\"https:\/\/gpc-gabon.com\/en\/le-gouvernement-du-gabon-et-wartsila-signent-la-convention-de-concession-pour-la-centrale-dowendo-120-mw\/\"><img decoding=\"async\" class=\"\" src=\"https:\/\/gpc-gabon.com\/en\/wp-content\/uploads\/2021\/10\/Photo-Owendo-Wa\u0308tsila-370x270.jpeg\" width=\"370\" height=\"270\" alt=\"Photo - Owendo Wa\u0308tsila\" title=\"Photo - Owendo Wa\u0308tsila\" \/><\/a>\r\n                                <\/div>\r\n                                                                    <div class=\"post-category\"><a href=\"https:\/\/gpc-gabon.com\/en\/category\/press-release\/\" rel=\"tag\">Press release<\/a><\/div>\r\n                                                            <\/div>\r\n                                                <div class=\"entry-body\">\r\n                            <ul class=\"entry-meta\">\r\n                                                                    <li class=\"post-date\">21 September 2021<\/li>\r\n                                                                                                    <li class=\"author\">\r\n                                        <a href=\"https:\/\/gpc-gabon.com\/en\/author\/sean-lenh\/\">GPC<\/a><\/li>\r\n                                                            <\/ul>\r\n                            <h3 class=\"entry-title\">\r\n                                <a href=\"https:\/\/gpc-gabon.com\/en\/le-gouvernement-du-gabon-et-wartsila-signent-la-convention-de-concession-pour-la-centrale-dowendo-120-mw\/\">The Government of Gabon and W\u00e4rtsil\u00e4 sign the Concession Agreement for the Owendo power plant (120 MW)<\/a>\r\n                            <\/h3>\r\n                                                            <div class=\"entry-content\">\r\n                                    Libreville, September 22, 2021 &#8211; The Gabonese Fund for Strategic Investments (FGIS), Soci\u00e9t\u00e9 d&#8217;\u00c9nergie et d&#8217;Eau du Gabon (SEEG) and Gabon Power Company (GPC) announce the signature of a Concession&hellip;                                <\/div>\r\n                                                                                        <div class=\"entry-readmore\">\r\n                                    <a class=\"btn-more\" href=\"https:\/\/gpc-gabon.com\/en\/le-gouvernement-du-gabon-et-wartsila-signent-la-convention-de-concession-pour-la-centrale-dowendo-120-mw\/\">\r\n                                        <span>Read More<\/span>\r\n                                        <i class=\"fas fac-arrow-right\"><\/i>\r\n                                    <\/a>\r\n                                <\/div>\r\n                                                    <\/div>\r\n                    <\/div>\r\n                <\/div>\r\n                            <div class=\"grid-item col-xl-4 col-lg-4 col-md-6 col-sm-6 col-12 \">\r\n                    <div class=\"grid-item-inner\">\r\n                                                    <div class=\"entry-featured\">\r\n                                <div class=\"post-image\">\r\n                                    <a href=\"https:\/\/gpc-gabon.com\/en\/meridiam-et-gabon-power-company-realisent-avec-succes-le-closing-financier-de-la-centrale-hydroelectrique-de-kinguele-aval-35mw\/\"><img decoding=\"async\" class=\"\" src=\"https:\/\/gpc-gabon.com\/en\/wp-content\/uploads\/2021\/10\/Photo-Closing-Financier-Kinguele-Aval-scaled-370x270.jpeg\" width=\"370\" height=\"270\" alt=\"Photo - Closing Financier Kinguele Aval\" title=\"Photo - Closing Financier Kinguele Aval\" \/><\/a>\r\n                                <\/div>\r\n                                                                    <div class=\"post-category\"><a href=\"https:\/\/gpc-gabon.com\/en\/category\/press-release\/\" rel=\"tag\">Press release<\/a><\/div>\r\n                                                            <\/div>\r\n                                                <div class=\"entry-body\">\r\n                            <ul class=\"entry-meta\">\r\n                                                                    <li class=\"post-date\">2 July 2021<\/li>\r\n                                                                                                    <li class=\"author\">\r\n                                        <a href=\"https:\/\/gpc-gabon.com\/en\/author\/sean-lenh\/\">GPC<\/a><\/li>\r\n                                                            <\/ul>\r\n                            <h3 class=\"entry-title\">\r\n                                <a href=\"https:\/\/gpc-gabon.com\/en\/meridiam-et-gabon-power-company-realisent-avec-succes-le-closing-financier-de-la-centrale-hydroelectrique-de-kinguele-aval-35mw\/\">Meridiam and Gabon Power Company successfully reached financial close on the Kingu\u00e9l\u00e9 Aval hydroelectric power plant (35MW)<\/a>\r\n                            <\/h3>\r\n                                                            <div class=\"entry-content\">\r\n                                    Libreville, Gabon, July 02, 2021 &#8211; Gabon Power Company (GPC), a portfolio company of the Gabonese Strategic Investment Fund (FGIS), and Meridiam, an independent investment Benefit Corporation specialised in the&hellip;                                <\/div>\r\n                                                                                        <div class=\"entry-readmore\">\r\n                                    <a class=\"btn-more\" href=\"https:\/\/gpc-gabon.com\/en\/meridiam-et-gabon-power-company-realisent-avec-succes-le-closing-financier-de-la-centrale-hydroelectrique-de-kinguele-aval-35mw\/\">\r\n                                        <span>Read More<\/span>\r\n                                        <i class=\"fas fac-arrow-right\"><\/i>\r\n                                    <\/a>\r\n                                <\/div>\r\n                                                    <\/div>\r\n                    <\/div>\r\n                <\/div>\r\n                <\/div>\r\n            <div class=\"cms-grid-pagination\" data-loadmore=\"{&quot;startPage&quot;:1,&quot;maxPages&quot;:1,&quot;total&quot;:3,&quot;perpage&quot;:&quot;6&quot;,&quot;nextLink&quot;:&quot;&quot;,&quot;source&quot;:&quot;&quot;,&quot;orderby&quot;:&quot;date&quot;,&quot;order&quot;:&quot;desc&quot;,&quot;limit&quot;:&quot;6&quot;,&quot;post_ids&quot;:&quot;&quot;,&quot;col_xl&quot;:4,&quot;col_lg&quot;:4,&quot;col_md&quot;:6,&quot;col_sm&quot;:6,&quot;col_xs&quot;:12,&quot;thumbnail_size&quot;:&quot;custom&quot;,&quot;thumbnail_custom_dimension&quot;:{&quot;width&quot;:&quot;370&quot;,&quot;height&quot;:&quot;270&quot;},&quot;title_tag&quot;:&quot;h3&quot;,&quot;pagination_type&quot;:&quot;pagination&quot;,&quot;show_thumbnail&quot;:&quot;true&quot;,&quot;show_meta&quot;:&quot;true&quot;,&quot;show_author&quot;:&quot;true&quot;,&quot;show_post_date&quot;:&quot;true&quot;,&quot;show_categories&quot;:&quot;true&quot;,&quot;show_excerpt&quot;:&quot;true&quot;,&quot;num_words&quot;:30,&quot;show_button&quot;:&quot;true&quot;,&quot;hover_animation&quot;:&quot;pagination&quot;,&quot;button_text&quot;:&quot;Read More&quot;,&quot;template_type&quot;:&quot;post_grid_layout1&quot;,&quot;tax&quot;:[]}\" data-query=\"{&quot;post_type&quot;:&quot;post&quot;,&quot;posts_per_page&quot;:6,&quot;order&quot;:&quot;desc&quot;,&quot;orderby&quot;:&quot;date&quot;,&quot;tax_query&quot;:{&quot;relation&quot;:&quot;OR&quot;},&quot;post__not_in&quot;:[21064]}\">\r\n                    <\/div>\r\n        <\/div>\t\t<\/div>\n\t\t\t\t<\/div>\n\t\t            <\/div>\n        <\/div>\n                            <\/div>\n        <\/section>\n        \t\t\t\t<\/div>\n\t\t\t\t\t<\/div>\n\t\t","protected":false},"excerpt":{"rendered":"<p>Newsroom Home Communiqu\u00e9 de Presse 20 October 2021 GPC Sinohydro signe avec l&#8217;ONE pour favoriser l&#8217;emploi gabonais dans le cadre de la construction de Kinguele Aval Newsroom Home Communiqu\u00e9 de Presse 20 October 2021 GPC Sinohydro signe avec l&#8217;ONE pour favoriser l&#8217;emploi gabonais dans le cadre de la construction de Kinguele Aval Libreville, le 18 [&hellip;]<\/p>\n","protected":false},"author":1,"featured_media":0,"parent":0,"menu_order":0,"comment_status":"closed","ping_status":"closed","template":"","meta":{"footnotes":""},"class_list":["post-21064","page","type-page","status-publish","hentry"],"_links":{"self":[{"href":"https:\/\/gpc-gabon.com\/en\/wp-json\/wp\/v2\/pages\/21064","targetHints":{"allow":["GET"]}}],"collection":[{"href":"https:\/\/gpc-gabon.com\/en\/wp-json\/wp\/v2\/pages"}],"about":[{"href":"https:\/\/gpc-gabon.com\/en\/wp-json\/wp\/v2\/types\/page"}],"author":[{"embeddable":true,"href":"https:\/\/gpc-gabon.com\/en\/wp-json\/wp\/v2\/users\/1"}],"replies":[{"embeddable":true,"href":"https:\/\/gpc-gabon.com\/en\/wp-json\/wp\/v2\/comments?post=21064"}],"version-history":[{"count":8,"href":"https:\/\/gpc-gabon.com\/en\/wp-json\/wp\/v2\/pages\/21064\/revisions"}],"predecessor-version":[{"id":21147,"href":"https:\/\/gpc-gabon.com\/en\/wp-json\/wp\/v2\/pages\/21064\/revisions\/21147"}],"wp:attachment":[{"href":"https:\/\/gpc-gabon.com\/en\/wp-json\/wp\/v2\/media?parent=21064"}],"curies":[{"name":"wp","href":"https:\/\/api.w.org\/{rel}","templated":true}]}}